{"id":15015,"date":"2020-07-30T23:06:56","date_gmt":"2020-07-30T21:06:56","guid":{"rendered":"https:\/\/pro.websitekit.de\/?page_id=15015"},"modified":"2022-04-20T18:42:45","modified_gmt":"2022-04-20T16:42:45","slug":"coaching-s1","status":"publish","type":"page","link":"https:\/\/demo.websitekit.de\/smartdesign-1\/coaching-s1\/","title":{"rendered":"Smart Webdesign 1 &#8211; Coaching"},"content":{"rendered":"<h1 style=\"\">M\u00f6chtest du emotional freier werden?<\/h1>\n<p>In der \u00dcberschrift oben dr\u00fcber gibst du ein Versprechen ab. Hier kannst du deine Einladung in eine kostenfreie Coaching-Session zum Kennenlernen machen.<\/p>\n<h1>Buche deine kostenfreie Coaching-Session<\/h1>\n<p>Ich m\u00f6chte dich herzlich einladen, in eine kostenfreie Coaching-Session mit mir zu kommen.<\/p>\n<p style=\"color: var(--tcb-skin-color-4)  !important; --tcb-applied-color:var$(--tcb-skin-color-4)  !important;\">Was bringt dir die Session?<\/p>\n<h2>Unser Plan<\/h2>\n<p style=\"\">In dieser 1:1 Session bekommst du Folgendes von mir:<\/p>\n<ul>\n<li style=\"\"><span style=\"\">Wir erstellen f\u00fcr dich einen pers\u00f6nlichen &#8222;Entwicklungsplan&#8220; haben, mit dem du es schaffst, dich von deinen gr\u00f6\u00dften \u00c4ngsten und unangenehmen Gef\u00fchlen zu befreien.<\/span><\/li>\n<li style=\"\"><span style=\"\">Du wirst verstehen, welche emotionalen Blockaden dich aktuell in deinem Leben noch zur\u00fcckhalten.<\/span><\/li>\n<li style=\"\"><span style=\"\">Du verl\u00e4sst die Session motiviert und bist inspiriert, einen v\u00f6llig neuen Umgang mit deinen Gef\u00fchlen zu erlernen &amp; zu erleben.<\/span><\/li>\n<\/ul>\n<p style=\"\">Wie arbeite ich?<\/p>\n<h2>Meine Methode<\/h2>\n<p style=\"\">In meiner Arbeit verwende ich nur Methoden nach neusten wissenschaftlichen Erkenntnissen und Techniken, die auch nachweislich funktionieren: sowohl f\u00fcr mich als auch meine Klienten.<\/p>\n<ul>\n<li style=\"\"><span style=\"\">Positive Psychologie<\/span><\/li>\n<li style=\"\"><span style=\"\">High Performance Coaching<\/span><\/li>\n<li style=\"\"><span style=\"\">Emotions-Coaching nach der Wingwave-Methode<\/span><\/li>\n<li style=\"\"><span style=\"\">Mindfulness &amp; Meditation<\/span><\/li>\n<\/ul>\n<p style=\"color: var(--tcb-skin-color-4)  !important; --tcb-applied-color:var$(--tcb-skin-color-4)  !important;\">Was passiert Nach der Session?<\/p>\n<h2>Wie l\u00e4uft die Session ab?<\/h2>\n<p style=\"\">Wir spazieren durch Berlin und f\u00fchren ein Walk and Talk Coaching-Gespr\u00e4ch. Du wirst nach unserem Gespr\u00e4ch einen klaren Plan vor dir haben.<\/p>\n<h2 style=\"text-align: center;\">Das sagen andere Menschen<\/h2>\n<p style=\"\">Lorem ipsum dolor sit amet, consectetur adipisicing elit, sed do eiusmod tempor incididunt ut labore et dolore magna aliquat enim ad minim&nbsp;<\/p>\n<p style=\"color: var(--tcb-skin-color-3)  !important; --tcb-applied-color:var$(--tcb-skin-color-3)  !important;\">Sarah Jander<\/p>\n<p>Gesch\u00e4ftsf\u00fchrerin<\/p>\n<p style=\"\">Lorem ipsum dolor sit amet, consectetur adipisicing elit, sed do eiusmod tempor incididunt ut labore et dolore magna aliquat enim ad minim&nbsp;<\/p>\n<p style=\"color: var(--tcb-skin-color-3)  !important; --tcb-applied-color:var$(--tcb-skin-color-3)  !important;\">David B\u00f6hme<\/p>\n<p>Web designer<\/p>\n<p style=\"\">Lorem ipsum dolor sit amet, consectetur adipisicing elit, sed do eiusmod tempor incididunt ut labore et dolore magna aliquat enim ad minim&nbsp;<\/p>\n<p style=\"color: var(--tcb-skin-color-3)  !important; --tcb-applied-color:var$(--tcb-skin-color-3)  !important;\">Mikaela K\u00f6nig<\/p>\n<p style=\"\">Marketing Expertin<\/p>\n<p style=\"text-align: left;\"><strong>Zur Buchung<\/strong><\/p>\n<h2 style=\"text-align: left;\">Buche auch du jetzt deine kostenfreie Session!<\/h2>\n<p style=\"\">Hier kannst du deinen Besucher auffordern, bei dir eine kostenfreie Coaching-Session zu buchen oder deine Kostprobe bzw. deinen Newsletter anbieten. &nbsp;<\/p>\n","protected":false},"excerpt":{"rendered":"<p>M\u00f6chtest du emotional freier werden? In der \u00dcberschrift oben dr\u00fcber gibst du ein Versprechen ab. Hier kannst du deine Einladung in eine kostenfreie Coaching-Session zum Kennenlernen machen. Buche deine kostenfreie Coaching-Session Ich m\u00f6chte dich herzlich einladen, in eine kostenfreie Coaching-Session mit mir zu kommen. Was bringt dir die Session? Unser Plan In dieser 1:1 Session [&hellip;]<\/p>\n","protected":false},"author":7,"featured_media":0,"parent":0,"menu_order":0,"comment_status":"closed","ping_status":"closed","template":"","meta":{"_acf_changed":false,"footnotes":""},"class_list":["post-15015","page","type-page","status-publish","hentry","post-wrapper","thrv_wrapper"],"acf":[],"yoast_head":"<!-- This site is optimized with the Yoast SEO plugin v27.3 - https:\/\/yoast.com\/product\/yoast-seo-wordpress\/ -->\n<title>Smart Webdesign 1 &#8211; Coaching - Coaching Website-Kit<\/title>\n<meta name=\"description\" content=\"M\u00f6chtest du emotional freier werden?In der \u00dcberschrift oben dr\u00fcber gibst du ein Versprechen ab. Hier kannst du deine Einladung in eine kostenfreie ...\" \/>\n<meta name=\"robots\" content=\"noindex, follow, max-snippet:-1, max-image-preview:large, max-video-preview:-1\" \/>\n<meta property=\"og:locale\" content=\"de_DE\" \/>\n<meta property=\"og:type\" content=\"article\" \/>\n<meta property=\"og:title\" content=\"Smart Webdesign 1 &#8211; Coaching - Coaching Website-Kit\" \/>\n<meta property=\"og:description\" content=\"M\u00f6chtest du emotional freier werden?In der \u00dcberschrift oben dr\u00fcber gibst du ein Versprechen ab. Hier kannst du deine Einladung in eine kostenfreie ...\" \/>\n<meta property=\"og:url\" content=\"https:\/\/demo.websitekit.de\/smartdesign-1\/coaching-s1\/\" \/>\n<meta property=\"og:site_name\" content=\"Coaching Website-Kit\" \/>\n<meta property=\"article:modified_time\" content=\"2022-04-20T16:42:45+00:00\" \/>\n<meta name=\"twitter:card\" content=\"summary_large_image\" \/>\n<meta name=\"twitter:label1\" content=\"Gesch\u00e4tzte Lesezeit\" \/>\n\t<meta name=\"twitter:data1\" content=\"2\u00a0Minuten\" \/>\n<script type=\"application\/ld+json\" class=\"yoast-schema-graph\">{\"@context\":\"https:\\\/\\\/schema.org\",\"@graph\":[{\"@type\":\"WebPage\",\"@id\":\"https:\\\/\\\/demo.websitekit.de\\\/smartdesign-1\\\/coaching-s1\\\/\",\"url\":\"https:\\\/\\\/demo.websitekit.de\\\/smartdesign-1\\\/coaching-s1\\\/\",\"name\":\"Smart Webdesign 1 &#8211; Coaching - Coaching Website-Kit\",\"isPartOf\":{\"@id\":\"https:\\\/\\\/demo.websitekit.de\\\/smartdesign-1\\\/#website\"},\"datePublished\":\"2020-07-30T21:06:56+00:00\",\"dateModified\":\"2022-04-20T16:42:45+00:00\",\"description\":\"M\u00f6chtest du emotional freier werden?In der \u00dcberschrift oben dr\u00fcber gibst du ein Versprechen ab. Hier kannst du deine Einladung in eine kostenfreie ...\",\"breadcrumb\":{\"@id\":\"https:\\\/\\\/demo.websitekit.de\\\/smartdesign-1\\\/coaching-s1\\\/#breadcrumb\"},\"inLanguage\":\"de\",\"potentialAction\":[{\"@type\":\"ReadAction\",\"target\":[\"https:\\\/\\\/demo.websitekit.de\\\/smartdesign-1\\\/coaching-s1\\\/\"]}]},{\"@type\":\"BreadcrumbList\",\"@id\":\"https:\\\/\\\/demo.websitekit.de\\\/smartdesign-1\\\/coaching-s1\\\/#breadcrumb\",\"itemListElement\":[{\"@type\":\"ListItem\",\"position\":1,\"name\":\"Startseite\",\"item\":\"https:\\\/\\\/demo.websitekit.de\\\/smartdesign-1\\\/\"},{\"@type\":\"ListItem\",\"position\":2,\"name\":\"Smart Webdesign 1 &#8211; Coaching\"}]},{\"@type\":\"WebSite\",\"@id\":\"https:\\\/\\\/demo.websitekit.de\\\/smartdesign-1\\\/#website\",\"url\":\"https:\\\/\\\/demo.websitekit.de\\\/smartdesign-1\\\/\",\"name\":\"Coaching Website-Kit\",\"description\":\"Kreiere deine eigene Coaching Website, die dein Business auf das n\u00e4chste Level hebt\",\"potentialAction\":[{\"@type\":\"SearchAction\",\"target\":{\"@type\":\"EntryPoint\",\"urlTemplate\":\"https:\\\/\\\/demo.websitekit.de\\\/smartdesign-1\\\/?s={search_term_string}\"},\"query-input\":{\"@type\":\"PropertyValueSpecification\",\"valueRequired\":true,\"valueName\":\"search_term_string\"}}],\"inLanguage\":\"de\"}]}<\/script>\n<!-- \/ Yoast SEO plugin. -->","yoast_head_json":{"title":"Smart Webdesign 1 &#8211; Coaching - Coaching Website-Kit","description":"M\u00f6chtest du emotional freier werden?In der \u00dcberschrift oben dr\u00fcber gibst du ein Versprechen ab. Hier kannst du deine Einladung in eine kostenfreie ...","robots":{"index":"noindex","follow":"follow","max-snippet":"max-snippet:-1","max-image-preview":"max-image-preview:large","max-video-preview":"max-video-preview:-1"},"og_locale":"de_DE","og_type":"article","og_title":"Smart Webdesign 1 &#8211; Coaching - Coaching Website-Kit","og_description":"M\u00f6chtest du emotional freier werden?In der \u00dcberschrift oben dr\u00fcber gibst du ein Versprechen ab. Hier kannst du deine Einladung in eine kostenfreie ...","og_url":"https:\/\/demo.websitekit.de\/smartdesign-1\/coaching-s1\/","og_site_name":"Coaching Website-Kit","article_modified_time":"2022-04-20T16:42:45+00:00","twitter_card":"summary_large_image","twitter_misc":{"Gesch\u00e4tzte Lesezeit":"2\u00a0Minuten"},"schema":{"@context":"https:\/\/schema.org","@graph":[{"@type":"WebPage","@id":"https:\/\/demo.websitekit.de\/smartdesign-1\/coaching-s1\/","url":"https:\/\/demo.websitekit.de\/smartdesign-1\/coaching-s1\/","name":"Smart Webdesign 1 &#8211; Coaching - Coaching Website-Kit","isPartOf":{"@id":"https:\/\/demo.websitekit.de\/smartdesign-1\/#website"},"datePublished":"2020-07-30T21:06:56+00:00","dateModified":"2022-04-20T16:42:45+00:00","description":"M\u00f6chtest du emotional freier werden?In der \u00dcberschrift oben dr\u00fcber gibst du ein Versprechen ab. Hier kannst du deine Einladung in eine kostenfreie ...","breadcrumb":{"@id":"https:\/\/demo.websitekit.de\/smartdesign-1\/coaching-s1\/#breadcrumb"},"inLanguage":"de","potentialAction":[{"@type":"ReadAction","target":["https:\/\/demo.websitekit.de\/smartdesign-1\/coaching-s1\/"]}]},{"@type":"BreadcrumbList","@id":"https:\/\/demo.websitekit.de\/smartdesign-1\/coaching-s1\/#breadcrumb","itemListElement":[{"@type":"ListItem","position":1,"name":"Startseite","item":"https:\/\/demo.websitekit.de\/smartdesign-1\/"},{"@type":"ListItem","position":2,"name":"Smart Webdesign 1 &#8211; Coaching"}]},{"@type":"WebSite","@id":"https:\/\/demo.websitekit.de\/smartdesign-1\/#website","url":"https:\/\/demo.websitekit.de\/smartdesign-1\/","name":"Coaching Website-Kit","description":"Kreiere deine eigene Coaching Website, die dein Business auf das n\u00e4chste Level hebt","potentialAction":[{"@type":"SearchAction","target":{"@type":"EntryPoint","urlTemplate":"https:\/\/demo.websitekit.de\/smartdesign-1\/?s={search_term_string}"},"query-input":{"@type":"PropertyValueSpecification","valueRequired":true,"valueName":"search_term_string"}}],"inLanguage":"de"}]}},"_links":{"self":[{"href":"https:\/\/demo.websitekit.de\/smartdesign-1\/wp-json\/wp\/v2\/pages\/15015","targetHints":{"allow":["GET"]}}],"collection":[{"href":"https:\/\/demo.websitekit.de\/smartdesign-1\/wp-json\/wp\/v2\/pages"}],"about":[{"href":"https:\/\/demo.websitekit.de\/smartdesign-1\/wp-json\/wp\/v2\/types\/page"}],"author":[{"embeddable":true,"href":"https:\/\/demo.websitekit.de\/smartdesign-1\/wp-json\/wp\/v2\/users\/7"}],"replies":[{"embeddable":true,"href":"https:\/\/demo.websitekit.de\/smartdesign-1\/wp-json\/wp\/v2\/comments?post=15015"}],"version-history":[{"count":9,"href":"https:\/\/demo.websitekit.de\/smartdesign-1\/wp-json\/wp\/v2\/pages\/15015\/revisions"}],"predecessor-version":[{"id":22534,"href":"https:\/\/demo.websitekit.de\/smartdesign-1\/wp-json\/wp\/v2\/pages\/15015\/revisions\/22534"}],"wp:attachment":[{"href":"https:\/\/demo.websitekit.de\/smartdesign-1\/wp-json\/wp\/v2\/media?parent=15015"}],"curies":[{"name":"wp","href":"https:\/\/api.w.org\/{rel}","templated":true}]}}