{"id":11517,"date":"2019-11-08T15:45:22","date_gmt":"2019-11-08T14:45:22","guid":{"rendered":"https:\/\/websitekit.bewusstesmarketing.de\/?page_id=11517"},"modified":"2021-06-10T14:30:13","modified_gmt":"2021-06-10T12:30:13","slug":"bestaetigung-s3","status":"publish","type":"page","link":"https:\/\/demo.websitekit.de\/smartdesign-3\/bestaetigung-s3\/","title":{"rendered":"Smart Webdesign 3 &#8211; Best\u00e4tigung"},"content":{"rendered":"<h1 style=\"\">Danke f\u00fcrs Eintragen!<\/h1>\n<p style=\"\">Diese drei Schritte sind noch zu machen, um dabei zu sein&#8230;<\/p>\n<h3>Schritt 1<\/h3>\n<h3 style=\"\">Checke jetzt deine E-Mails<\/h3>\n<p style=\"\">Gehe jetzt in dein E-Mail-Fach und checke nach neuen Mails.<\/p>\n<h3>Schritt 2<\/h3>\n<h3 style=\"\">\u00d6ffne deine Best\u00e4tigungsmail<\/h3>\n<p style=\"\">\u00d6ffne die E-Mail, die ich dir gerade eben zugesandt habe mit dem Betreff: &#8222;Ein Klick fehlt noch&#8230;&#8220;<\/p>\n<h3>Schritt 3<\/h3>\n<h3 style=\"\">Klicke den Best\u00e4tigungsLink&nbsp;<\/h3>\n<p style=\"\">Klicke auf den Best\u00e4tigungs-Link in in der E-Mail. Direkt im Anschluss erh\u00e4ltst du Zugang zum Kickoff.<\/p>\n<p><span>Drag to Reposition<\/span><span>Move Up or Down to Reposition<\/span><span>Move Left or Right to Reposition<\/span><\/p>\n<p style=\"\">\u00a9 2019, &nbsp;<span data-attr-id=\"1\" data-extra_key=\"1\" data-shortcode=\"thrive_global_fields\" data-shortcode-name=\"[Company] Company Name\">Nora Kr\u00fcger<\/span>&nbsp; &nbsp; I &nbsp; <span data-attr-id=\"7\" data-extra_key=\"2\" data-shortcode=\"thrive_global_fields\" data-shortcode-name=\"[Legal] Disclaimer\" data-attr-static-link=\"{&quot;className&quot;:&quot;&quot;,&quot;href&quot;:&quot;https:\/\/demo.websitekit.de\/smartdesign-3\/impressum\/&quot;,&quot;target&quot;:&quot;_blank&quot;,&quot;class&quot;:&quot;&quot;}\"><a href=\"https:\/\/demo.websitekit.de\/smartdesign-3\/impressum\/\" target=\"_blank\" class=\"\">Impressum<\/a><\/span>&nbsp; &nbsp; I &nbsp;<span data-attr-id=\"6\" data-extra_key=\"2\" data-shortcode=\"thrive_global_fields\" data-shortcode-name=\"[Legal] Privacy policy\" data-attr-static-link=\"{&quot;className&quot;:&quot;&quot;,&quot;href&quot;:&quot;https:\/\/demo.websitekit.de\/smartdesign-3\/datenschutz\/&quot;,&quot;target&quot;:&quot;_blank&quot;,&quot;class&quot;:&quot;&quot;}\"><a href=\"https:\/\/demo.websitekit.de\/smartdesign-3\/datenschutz\/\" target=\"_blank\" class=\"\">Datenschutzerkl\u00e4rung<\/a><\/span><\/p>\n","protected":false},"excerpt":{"rendered":"<p>Danke f\u00fcrs Eintragen! Diese drei Schritte sind noch zu machen, um dabei zu sein&#8230; Schritt 1 Checke jetzt deine E-Mails Gehe jetzt in dein E-Mail-Fach und checke nach neuen Mails. Schritt 2 \u00d6ffne deine Best\u00e4tigungsmail \u00d6ffne die E-Mail, die ich dir gerade eben zugesandt habe mit dem Betreff: &#8222;Ein Klick fehlt noch&#8230;&#8220; Schritt 3 Klicke [&hellip;]<\/p>\n","protected":false},"author":7,"featured_media":0,"parent":0,"menu_order":133,"comment_status":"closed","ping_status":"closed","template":"","meta":{"_acf_changed":false,"footnotes":""},"class_list":["post-11517","page","type-page","status-publish","hentry","post-wrapper","thrv_wrapper"],"acf":[],"yoast_head":"<!-- This site is optimized with the Yoast SEO plugin v27.3 - https:\/\/yoast.com\/product\/yoast-seo-wordpress\/ -->\n<title>Smart Webdesign 3 &#8211; Best\u00e4tigung - Coaching Website-Kit<\/title>\n<meta name=\"description\" content=\"Danke f\u00fcrs Eintragen!Diese drei Schritte sind noch zu machen, um dabei zu sein...Schritt 1Checke jetzt deine E-MailsGehe jetzt in dein E-Mail-Fach und ...\" \/>\n<meta name=\"robots\" content=\"noindex, follow, max-snippet:-1, max-image-preview:large, max-video-preview:-1\" \/>\n<meta property=\"og:locale\" content=\"de_DE\" \/>\n<meta property=\"og:type\" content=\"article\" \/>\n<meta property=\"og:title\" content=\"Smart Webdesign 3 &#8211; Best\u00e4tigung - Coaching Website-Kit\" \/>\n<meta property=\"og:description\" content=\"Danke f\u00fcrs Eintragen!Diese drei Schritte sind noch zu machen, um dabei zu sein...Schritt 1Checke jetzt deine E-MailsGehe jetzt in dein E-Mail-Fach und ...\" \/>\n<meta property=\"og:url\" content=\"https:\/\/demo.websitekit.de\/smartdesign-3\/bestaetigung-s3\/\" \/>\n<meta property=\"og:site_name\" content=\"Coaching Website-Kit\" \/>\n<meta property=\"article:modified_time\" content=\"2021-06-10T12:30:13+00:00\" \/>\n<meta name=\"twitter:card\" content=\"summary_large_image\" \/>\n<meta name=\"twitter:label1\" content=\"Gesch\u00e4tzte Lesezeit\" \/>\n\t<meta name=\"twitter:data1\" content=\"1\u00a0Minute\" \/>\n<script type=\"application\/ld+json\" class=\"yoast-schema-graph\">{\"@context\":\"https:\\\/\\\/schema.org\",\"@graph\":[{\"@type\":\"WebPage\",\"@id\":\"https:\\\/\\\/demo.websitekit.de\\\/smartdesign-3\\\/bestaetigung-s3\\\/\",\"url\":\"https:\\\/\\\/demo.websitekit.de\\\/smartdesign-3\\\/bestaetigung-s3\\\/\",\"name\":\"Smart Webdesign 3 &#8211; Best\u00e4tigung - Coaching Website-Kit\",\"isPartOf\":{\"@id\":\"https:\\\/\\\/demo.websitekit.de\\\/smartdesign-3\\\/#website\"},\"datePublished\":\"2019-11-08T14:45:22+00:00\",\"dateModified\":\"2021-06-10T12:30:13+00:00\",\"description\":\"Danke f\u00fcrs Eintragen!Diese drei Schritte sind noch zu machen, um dabei zu sein...Schritt 1Checke jetzt deine E-MailsGehe jetzt in dein E-Mail-Fach und ...\",\"breadcrumb\":{\"@id\":\"https:\\\/\\\/demo.websitekit.de\\\/smartdesign-3\\\/bestaetigung-s3\\\/#breadcrumb\"},\"inLanguage\":\"de\",\"potentialAction\":[{\"@type\":\"ReadAction\",\"target\":[\"https:\\\/\\\/demo.websitekit.de\\\/smartdesign-3\\\/bestaetigung-s3\\\/\"]}]},{\"@type\":\"BreadcrumbList\",\"@id\":\"https:\\\/\\\/demo.websitekit.de\\\/smartdesign-3\\\/bestaetigung-s3\\\/#breadcrumb\",\"itemListElement\":[{\"@type\":\"ListItem\",\"position\":1,\"name\":\"Startseite\",\"item\":\"https:\\\/\\\/demo.websitekit.de\\\/smartdesign-3\\\/\"},{\"@type\":\"ListItem\",\"position\":2,\"name\":\"Smart Webdesign 3 &#8211; Best\u00e4tigung\"}]},{\"@type\":\"WebSite\",\"@id\":\"https:\\\/\\\/demo.websitekit.de\\\/smartdesign-3\\\/#website\",\"url\":\"https:\\\/\\\/demo.websitekit.de\\\/smartdesign-3\\\/\",\"name\":\"Coaching Website-Kit\",\"description\":\"Kreiere deine eigene Coaching Website, die dein Business auf das n\u00e4chste Level hebt\",\"potentialAction\":[{\"@type\":\"SearchAction\",\"target\":{\"@type\":\"EntryPoint\",\"urlTemplate\":\"https:\\\/\\\/demo.websitekit.de\\\/smartdesign-3\\\/?s={search_term_string}\"},\"query-input\":{\"@type\":\"PropertyValueSpecification\",\"valueRequired\":true,\"valueName\":\"search_term_string\"}}],\"inLanguage\":\"de\"}]}<\/script>\n<!-- \/ Yoast SEO plugin. -->","yoast_head_json":{"title":"Smart Webdesign 3 &#8211; Best\u00e4tigung - Coaching Website-Kit","description":"Danke f\u00fcrs Eintragen!Diese drei Schritte sind noch zu machen, um dabei zu sein...Schritt 1Checke jetzt deine E-MailsGehe jetzt in dein E-Mail-Fach und ...","robots":{"index":"noindex","follow":"follow","max-snippet":"max-snippet:-1","max-image-preview":"max-image-preview:large","max-video-preview":"max-video-preview:-1"},"og_locale":"de_DE","og_type":"article","og_title":"Smart Webdesign 3 &#8211; Best\u00e4tigung - Coaching Website-Kit","og_description":"Danke f\u00fcrs Eintragen!Diese drei Schritte sind noch zu machen, um dabei zu sein...Schritt 1Checke jetzt deine E-MailsGehe jetzt in dein E-Mail-Fach und ...","og_url":"https:\/\/demo.websitekit.de\/smartdesign-3\/bestaetigung-s3\/","og_site_name":"Coaching Website-Kit","article_modified_time":"2021-06-10T12:30:13+00:00","twitter_card":"summary_large_image","twitter_misc":{"Gesch\u00e4tzte Lesezeit":"1\u00a0Minute"},"schema":{"@context":"https:\/\/schema.org","@graph":[{"@type":"WebPage","@id":"https:\/\/demo.websitekit.de\/smartdesign-3\/bestaetigung-s3\/","url":"https:\/\/demo.websitekit.de\/smartdesign-3\/bestaetigung-s3\/","name":"Smart Webdesign 3 &#8211; Best\u00e4tigung - Coaching Website-Kit","isPartOf":{"@id":"https:\/\/demo.websitekit.de\/smartdesign-3\/#website"},"datePublished":"2019-11-08T14:45:22+00:00","dateModified":"2021-06-10T12:30:13+00:00","description":"Danke f\u00fcrs Eintragen!Diese drei Schritte sind noch zu machen, um dabei zu sein...Schritt 1Checke jetzt deine E-MailsGehe jetzt in dein E-Mail-Fach und ...","breadcrumb":{"@id":"https:\/\/demo.websitekit.de\/smartdesign-3\/bestaetigung-s3\/#breadcrumb"},"inLanguage":"de","potentialAction":[{"@type":"ReadAction","target":["https:\/\/demo.websitekit.de\/smartdesign-3\/bestaetigung-s3\/"]}]},{"@type":"BreadcrumbList","@id":"https:\/\/demo.websitekit.de\/smartdesign-3\/bestaetigung-s3\/#breadcrumb","itemListElement":[{"@type":"ListItem","position":1,"name":"Startseite","item":"https:\/\/demo.websitekit.de\/smartdesign-3\/"},{"@type":"ListItem","position":2,"name":"Smart Webdesign 3 &#8211; Best\u00e4tigung"}]},{"@type":"WebSite","@id":"https:\/\/demo.websitekit.de\/smartdesign-3\/#website","url":"https:\/\/demo.websitekit.de\/smartdesign-3\/","name":"Coaching Website-Kit","description":"Kreiere deine eigene Coaching Website, die dein Business auf das n\u00e4chste Level hebt","potentialAction":[{"@type":"SearchAction","target":{"@type":"EntryPoint","urlTemplate":"https:\/\/demo.websitekit.de\/smartdesign-3\/?s={search_term_string}"},"query-input":{"@type":"PropertyValueSpecification","valueRequired":true,"valueName":"search_term_string"}}],"inLanguage":"de"}]}},"_links":{"self":[{"href":"https:\/\/demo.websitekit.de\/smartdesign-3\/wp-json\/wp\/v2\/pages\/11517","targetHints":{"allow":["GET"]}}],"collection":[{"href":"https:\/\/demo.websitekit.de\/smartdesign-3\/wp-json\/wp\/v2\/pages"}],"about":[{"href":"https:\/\/demo.websitekit.de\/smartdesign-3\/wp-json\/wp\/v2\/types\/page"}],"author":[{"embeddable":true,"href":"https:\/\/demo.websitekit.de\/smartdesign-3\/wp-json\/wp\/v2\/users\/7"}],"replies":[{"embeddable":true,"href":"https:\/\/demo.websitekit.de\/smartdesign-3\/wp-json\/wp\/v2\/comments?post=11517"}],"version-history":[{"count":0,"href":"https:\/\/demo.websitekit.de\/smartdesign-3\/wp-json\/wp\/v2\/pages\/11517\/revisions"}],"wp:attachment":[{"href":"https:\/\/demo.websitekit.de\/smartdesign-3\/wp-json\/wp\/v2\/media?parent=11517"}],"curies":[{"name":"wp","href":"https:\/\/api.w.org\/{rel}","templated":true}]}}