{"id":14305,"date":"2020-02-28T23:29:40","date_gmt":"2020-02-28T22:29:40","guid":{"rendered":"https:\/\/websitekit.de\/?page_id=14305"},"modified":"2024-07-17T21:39:14","modified_gmt":"2024-07-17T19:39:14","slug":"events-s3","status":"publish","type":"page","link":"https:\/\/demo.websitekit.de\/smartdesign-3\/events-s3\/","title":{"rendered":"Smart Webdesign 3 &#8211; Events"},"content":{"rendered":"<h1>MEINE WORKSHOPS F\u00dcR 2024<\/h1>\n<p style=\"text-align: center;\">Der Fokus liegt dabei auf der (Wieder-) Entdeckung der Gef\u00fchle und der Entwicklung deiner emotionalen und sozialen Kompetenz mit dem Ziel dein authentisches Selbst zu finden und auch im Au\u00dfen pr\u00e4sent zu sein.<\/p>\n<h2 style=\"text-align: left;\">\u00dcbersicht \u00fcber die Event-Highlights<\/h2>\n<p style=\"text-align: left;\">Lorem ipsum dolor sit amet, consectetur adipisicing elitis duius eiusmod tempor incididunt.<\/p>\n<h2 style=\"text-align: center;\">Was andere sagen&#8230;<\/h2>\n<p style=\"\">Anna Olson<\/p>\n<p style=\"\">Personal Stylist<\/p>\n<p>\u201d<\/p>\n<p style=\"\">Lorem ipsum dolor sit amet, consectetur adipiscing elit. Aliquam ac erat magna. Nulla et dui a ligula accumsan sodales sed nec sagittis.<\/p>\n<p style=\"\">Emma Stewart<\/p>\n<p style=\"\">Fashion Blogger<\/p>\n<p>\u201d<\/p>\n<p style=\"\">Lorem ipsum dolor sit amet, consectetur adipiscing elit. Aliquam ac erat magna. Nulla et dui a ligula accumsan sodales sed nec sagittis.<\/p>\n<p style=\"\">Julia Moore<\/p>\n<p style=\"\">Textile Designer<\/p>\n<p>\u201d<\/p>\n<p style=\"\">Lorem ipsum dolor sit amet, consectetur adipiscing elit. Aliquam ac erat magna. Nulla et dui a ligula accumsan sodales sed nec sagittis.<\/p>\n","protected":false},"excerpt":{"rendered":"<p>MEINE WORKSHOPS F\u00dcR 2024 Der Fokus liegt dabei auf der (Wieder-) Entdeckung der Gef\u00fchle und der Entwicklung deiner emotionalen und sozialen Kompetenz mit dem Ziel dein authentisches Selbst zu finden und auch im Au\u00dfen pr\u00e4sent zu sein. \u00dcbersicht \u00fcber die Event-Highlights Lorem ipsum dolor sit amet, consectetur adipisicing elitis duius eiusmod tempor incididunt. Was andere [&hellip;]<\/p>\n","protected":false},"author":7,"featured_media":0,"parent":0,"menu_order":76,"comment_status":"closed","ping_status":"closed","template":"","meta":{"_acf_changed":false,"footnotes":""},"class_list":["post-14305","page","type-page","status-publish","hentry","post-wrapper","thrv_wrapper"],"acf":[],"yoast_head":"<!-- This site is optimized with the Yoast SEO plugin v27.3 - https:\/\/yoast.com\/product\/yoast-seo-wordpress\/ -->\n<title>Smart Webdesign 3 &#8211; Events - Coaching Website-Kit<\/title>\n<meta name=\"description\" content=\"MEINE WORKSHOPS F\u00dcR 2024Der Fokus liegt dabei auf der (Wieder-) Entdeckung der Gef\u00fchle und der Entwicklung deiner emotionalen und sozialen Kompetenz mit ...\" \/>\n<meta name=\"robots\" content=\"noindex, follow, max-snippet:-1, max-image-preview:large, max-video-preview:-1\" \/>\n<meta property=\"og:locale\" content=\"de_DE\" \/>\n<meta property=\"og:type\" content=\"article\" \/>\n<meta property=\"og:title\" content=\"Smart Webdesign 3 &#8211; Events - Coaching Website-Kit\" \/>\n<meta property=\"og:description\" content=\"MEINE WORKSHOPS F\u00dcR 2024Der Fokus liegt dabei auf der (Wieder-) Entdeckung der Gef\u00fchle und der Entwicklung deiner emotionalen und sozialen Kompetenz mit ...\" \/>\n<meta property=\"og:url\" content=\"https:\/\/demo.websitekit.de\/smartdesign-3\/events-s3\/\" \/>\n<meta property=\"og:site_name\" content=\"Coaching Website-Kit\" \/>\n<meta property=\"article:modified_time\" content=\"2024-07-17T19:39:14+00:00\" \/>\n<meta name=\"twitter:card\" content=\"summary_large_image\" \/>\n<meta name=\"twitter:label1\" content=\"Gesch\u00e4tzte Lesezeit\" \/>\n\t<meta name=\"twitter:data1\" content=\"1\u00a0Minute\" \/>\n<script type=\"application\/ld+json\" class=\"yoast-schema-graph\">{\"@context\":\"https:\\\/\\\/schema.org\",\"@graph\":[{\"@type\":\"WebPage\",\"@id\":\"https:\\\/\\\/demo.websitekit.de\\\/smartdesign-3\\\/events-s3\\\/\",\"url\":\"https:\\\/\\\/demo.websitekit.de\\\/smartdesign-3\\\/events-s3\\\/\",\"name\":\"Smart Webdesign 3 &#8211; Events - Coaching Website-Kit\",\"isPartOf\":{\"@id\":\"https:\\\/\\\/demo.websitekit.de\\\/smartdesign-3\\\/#website\"},\"datePublished\":\"2020-02-28T22:29:40+00:00\",\"dateModified\":\"2024-07-17T19:39:14+00:00\",\"description\":\"MEINE WORKSHOPS F\u00dcR 2024Der Fokus liegt dabei auf der (Wieder-) Entdeckung der Gef\u00fchle und der Entwicklung deiner emotionalen und sozialen Kompetenz mit ...\",\"breadcrumb\":{\"@id\":\"https:\\\/\\\/demo.websitekit.de\\\/smartdesign-3\\\/events-s3\\\/#breadcrumb\"},\"inLanguage\":\"de\",\"potentialAction\":[{\"@type\":\"ReadAction\",\"target\":[\"https:\\\/\\\/demo.websitekit.de\\\/smartdesign-3\\\/events-s3\\\/\"]}]},{\"@type\":\"BreadcrumbList\",\"@id\":\"https:\\\/\\\/demo.websitekit.de\\\/smartdesign-3\\\/events-s3\\\/#breadcrumb\",\"itemListElement\":[{\"@type\":\"ListItem\",\"position\":1,\"name\":\"Startseite\",\"item\":\"https:\\\/\\\/demo.websitekit.de\\\/smartdesign-3\\\/\"},{\"@type\":\"ListItem\",\"position\":2,\"name\":\"Smart Webdesign 3 &#8211; Events\"}]},{\"@type\":\"WebSite\",\"@id\":\"https:\\\/\\\/demo.websitekit.de\\\/smartdesign-3\\\/#website\",\"url\":\"https:\\\/\\\/demo.websitekit.de\\\/smartdesign-3\\\/\",\"name\":\"Coaching Website-Kit\",\"description\":\"Kreiere deine eigene Coaching Website, die dein Business auf das n\u00e4chste Level hebt\",\"potentialAction\":[{\"@type\":\"SearchAction\",\"target\":{\"@type\":\"EntryPoint\",\"urlTemplate\":\"https:\\\/\\\/demo.websitekit.de\\\/smartdesign-3\\\/?s={search_term_string}\"},\"query-input\":{\"@type\":\"PropertyValueSpecification\",\"valueRequired\":true,\"valueName\":\"search_term_string\"}}],\"inLanguage\":\"de\"}]}<\/script>\n<!-- \/ Yoast SEO plugin. -->","yoast_head_json":{"title":"Smart Webdesign 3 &#8211; Events - Coaching Website-Kit","description":"MEINE WORKSHOPS F\u00dcR 2024Der Fokus liegt dabei auf der (Wieder-) Entdeckung der Gef\u00fchle und der Entwicklung deiner emotionalen und sozialen Kompetenz mit ...","robots":{"index":"noindex","follow":"follow","max-snippet":"max-snippet:-1","max-image-preview":"max-image-preview:large","max-video-preview":"max-video-preview:-1"},"og_locale":"de_DE","og_type":"article","og_title":"Smart Webdesign 3 &#8211; Events - Coaching Website-Kit","og_description":"MEINE WORKSHOPS F\u00dcR 2024Der Fokus liegt dabei auf der (Wieder-) Entdeckung der Gef\u00fchle und der Entwicklung deiner emotionalen und sozialen Kompetenz mit ...","og_url":"https:\/\/demo.websitekit.de\/smartdesign-3\/events-s3\/","og_site_name":"Coaching Website-Kit","article_modified_time":"2024-07-17T19:39:14+00:00","twitter_card":"summary_large_image","twitter_misc":{"Gesch\u00e4tzte Lesezeit":"1\u00a0Minute"},"schema":{"@context":"https:\/\/schema.org","@graph":[{"@type":"WebPage","@id":"https:\/\/demo.websitekit.de\/smartdesign-3\/events-s3\/","url":"https:\/\/demo.websitekit.de\/smartdesign-3\/events-s3\/","name":"Smart Webdesign 3 &#8211; Events - Coaching Website-Kit","isPartOf":{"@id":"https:\/\/demo.websitekit.de\/smartdesign-3\/#website"},"datePublished":"2020-02-28T22:29:40+00:00","dateModified":"2024-07-17T19:39:14+00:00","description":"MEINE WORKSHOPS F\u00dcR 2024Der Fokus liegt dabei auf der (Wieder-) Entdeckung der Gef\u00fchle und der Entwicklung deiner emotionalen und sozialen Kompetenz mit ...","breadcrumb":{"@id":"https:\/\/demo.websitekit.de\/smartdesign-3\/events-s3\/#breadcrumb"},"inLanguage":"de","potentialAction":[{"@type":"ReadAction","target":["https:\/\/demo.websitekit.de\/smartdesign-3\/events-s3\/"]}]},{"@type":"BreadcrumbList","@id":"https:\/\/demo.websitekit.de\/smartdesign-3\/events-s3\/#breadcrumb","itemListElement":[{"@type":"ListItem","position":1,"name":"Startseite","item":"https:\/\/demo.websitekit.de\/smartdesign-3\/"},{"@type":"ListItem","position":2,"name":"Smart Webdesign 3 &#8211; Events"}]},{"@type":"WebSite","@id":"https:\/\/demo.websitekit.de\/smartdesign-3\/#website","url":"https:\/\/demo.websitekit.de\/smartdesign-3\/","name":"Coaching Website-Kit","description":"Kreiere deine eigene Coaching Website, die dein Business auf das n\u00e4chste Level hebt","potentialAction":[{"@type":"SearchAction","target":{"@type":"EntryPoint","urlTemplate":"https:\/\/demo.websitekit.de\/smartdesign-3\/?s={search_term_string}"},"query-input":{"@type":"PropertyValueSpecification","valueRequired":true,"valueName":"search_term_string"}}],"inLanguage":"de"}]}},"_links":{"self":[{"href":"https:\/\/demo.websitekit.de\/smartdesign-3\/wp-json\/wp\/v2\/pages\/14305","targetHints":{"allow":["GET"]}}],"collection":[{"href":"https:\/\/demo.websitekit.de\/smartdesign-3\/wp-json\/wp\/v2\/pages"}],"about":[{"href":"https:\/\/demo.websitekit.de\/smartdesign-3\/wp-json\/wp\/v2\/types\/page"}],"author":[{"embeddable":true,"href":"https:\/\/demo.websitekit.de\/smartdesign-3\/wp-json\/wp\/v2\/users\/7"}],"replies":[{"embeddable":true,"href":"https:\/\/demo.websitekit.de\/smartdesign-3\/wp-json\/wp\/v2\/comments?post=14305"}],"version-history":[{"count":5,"href":"https:\/\/demo.websitekit.de\/smartdesign-3\/wp-json\/wp\/v2\/pages\/14305\/revisions"}],"predecessor-version":[{"id":24591,"href":"https:\/\/demo.websitekit.de\/smartdesign-3\/wp-json\/wp\/v2\/pages\/14305\/revisions\/24591"}],"wp:attachment":[{"href":"https:\/\/demo.websitekit.de\/smartdesign-3\/wp-json\/wp\/v2\/media?parent=14305"}],"curies":[{"name":"wp","href":"https:\/\/api.w.org\/{rel}","templated":true}]}}