{"id":23966,"date":"2024-06-30T21:14:52","date_gmt":"2024-06-30T19:14:52","guid":{"rendered":"https:\/\/demo.websitekit.de\/smartdesign-3\/?page_id=23966"},"modified":"2024-07-02T19:20:22","modified_gmt":"2024-07-02T17:20:22","slug":"freesession","status":"publish","type":"page","link":"https:\/\/demo.websitekit.de\/smartdesign-3\/freesession\/","title":{"rendered":"Free Session"},"content":{"rendered":"<h1 style=\"\">Benefit-orientierte Headline<\/h1>\n<p style=\"\">Lorem ad ipsum dolor sit amet, ut adec elitis nam elitis nam duius, sed do eiusmod tempor.<\/p>\n<h2>Lass uns \u00fcber dich reden!<\/h2>\n<p>Ich m\u00f6chte dich einladen, in eine kostenfreie Coaching Session mit mir zu kommen.<\/p>\n<p>Ich zeige dir in 3 einfachen Schritten, wie du dich von deinen mentalen Blockaden befreien kannst. In dieser 1:1 Session bekommst du folgendes von mir:<\/p>\n<ul>\n<li><span style=\"\">wir erstellen f\u00fcr dich einen pers\u00f6nlichen &#8222;<strong>Entwicklungsplan<\/strong>&#8220; haben, mit dem du es schaffst, dich von deinen gr\u00f6\u00dften \u00c4ngsten und unangenehmen Gef\u00fchlen zu befreien.<\/span><\/li>\n<li><span style=\"\">Du wirst verstehen, welche <strong>emotionalen Blockaden<\/strong> dich aktuell in deinem Leben noch zur\u00fcckhalten.<\/span><\/li>\n<li><span style=\"\">du verl\u00e4sst die Session <strong>motiviert und bist inspiriert<\/strong>, einen v\u00f6llig neuen Umgang mit deinen Gef\u00fchlen zu erlernen &amp; zu erleben.<\/span><\/li>\n<\/ul>\n<p><span style=\"width: 100%;\"><img decoding=\"async\" alt=\"\" width=\"418\" height=\"558\" title=\"chic_girl1\" data-id=\"7130\" src=\"\/\/websitekit.de\/wp-content\/uploads\/tcb_lp_templates\/templates\/css\/images\/chic_girl1.jpg\" style=\"\" loading=\"lazy\"><span><\/span><\/span><\/p>\n<h3>MEINE METHODE:<\/h3>\n<p style=\"color: var(--tcb-skin-color-5)  !important; --tcb-applied-color:var$(--tcb-skin-color-5)  !important;\">In meiner Arbeit verwende ich nur Methoden nach neusten wissenschaftlichen Erkenntnissen und Techniken, die auch nachweislich funktionieren: sowohl f\u00fcr mich als auch meine Klienten.Ich arbeite sehr individuell mit meinen Klienten. Dabei verwende ich Coaching-Techniken und Methoden aus folgenden Bereichen:<\/p>\n<p><span style=\"width: 100%;\"><img decoding=\"async\" alt=\"\" width=\"418\" height=\"558\" title=\"chic_girl2\" data-id=\"7131\" src=\"\/\/websitekit.de\/wp-content\/uploads\/tcb_lp_templates\/templates\/css\/images\/chic_girl2.jpg\" style=\"\" loading=\"lazy\"><span><\/span><\/span><\/p>\n<h3>SO L\u00c4UFT DIE SESSION AB<\/h3>\n<p style=\"color: var(--tcb-skin-color-5)  !important; --tcb-applied-color:var$(--tcb-skin-color-5)  !important;\">Wir schauen uns all deine blinden Flecken an. Je nachdem, wo dein Schuh dr\u00fcckt, werden wir individuelle L\u00f6sungen f\u00fcr dich herausarbeiten, die du noch am selben Tag anwenden kannst.Du wirst nach unserem Gespr\u00e4ch einen klaren Plan vor dir haben. Es gibt drei m\u00f6gliche Wege, die du direkt nach unserem Gespr\u00e4ch einschlagen kannst:<\/p>\n<h2 style=\"text-align: center;\">Was andere sagen&#8230;<\/h2>\n<p style=\"\">Anna Olson<\/p>\n<p style=\"\">Personal Stylist<\/p>\n<p>\u201d<\/p>\n<p style=\"\">Lorem ipsum dolor sit amet, consectetur adipiscing elit. Aliquam ac erat magna. Nulla et dui a ligula accumsan sodales sed nec sagittis.<\/p>\n<p style=\"\">Emma Stewart<\/p>\n<p style=\"\">Fashion Blogger<\/p>\n<p>\u201d<\/p>\n<p style=\"\">Lorem ipsum dolor sit amet, consectetur adipiscing elit. Aliquam ac erat magna. Nulla et dui a ligula accumsan sodales sed nec sagittis.<\/p>\n<p style=\"\">Julia Moore<\/p>\n<p style=\"\">Textile Designer<\/p>\n<p>\u201d<\/p>\n<p style=\"\">Lorem ipsum dolor sit amet, consectetur adipiscing elit. Aliquam ac erat magna. Nulla et dui a ligula accumsan sodales sed nec sagittis.<\/p>\n<h2 style=\"text-align: center;\">Du entscheidest also frei, welchen Weg du einschlagen willst&#8230;<\/h2>\n<p><!-- Calendly Inline-Widget Beginn -->[tcb-script type=&#8220;text\/javascript&#8220; src=&#8220;https:\/\/assets.calendly.com\/assets\/external\/widget.js&#8220; async=&#8220;&#8220;][\/tcb-script]<!-- Calendly Inline-Widget Ende --><\/p>\n","protected":false},"excerpt":{"rendered":"<p>Benefit-orientierte Headline Lorem ad ipsum dolor sit amet, ut adec elitis nam elitis nam duius, sed do eiusmod tempor. Lass uns \u00fcber dich reden! Ich m\u00f6chte dich einladen, in eine kostenfreie Coaching Session mit mir zu kommen. Ich zeige dir in 3 einfachen Schritten, wie du dich von deinen mentalen Blockaden befreien kannst. In dieser [&hellip;]<\/p>\n","protected":false},"author":7,"featured_media":0,"parent":0,"menu_order":0,"comment_status":"closed","ping_status":"closed","template":"","meta":{"_acf_changed":false,"footnotes":""},"class_list":["post-23966","page","type-page","status-publish","hentry","post-wrapper","thrv_wrapper"],"acf":[],"yoast_head":"<!-- This site is optimized with the Yoast SEO plugin v27.3 - https:\/\/yoast.com\/product\/yoast-seo-wordpress\/ -->\n<title>Free Session - Coaching Website-Kit<\/title>\n<meta name=\"description\" content=\"Benefit-orientierte HeadlineLorem ad ipsum dolor sit amet, ut adec elitis nam elitis nam duius, sed do eiusmod tempor.Lass uns \u00fcber dich reden!Ich m\u00f6chte ...\" \/>\n<meta name=\"robots\" content=\"noindex, follow, max-snippet:-1, max-image-preview:large, max-video-preview:-1\" \/>\n<meta property=\"og:locale\" content=\"de_DE\" \/>\n<meta property=\"og:type\" content=\"article\" \/>\n<meta property=\"og:title\" content=\"Free Session - Coaching Website-Kit\" \/>\n<meta property=\"og:description\" content=\"Benefit-orientierte HeadlineLorem ad ipsum dolor sit amet, ut adec elitis nam elitis nam duius, sed do eiusmod tempor.Lass uns \u00fcber dich reden!Ich m\u00f6chte ...\" \/>\n<meta property=\"og:url\" content=\"https:\/\/demo.websitekit.de\/smartdesign-3\/freesession\/\" \/>\n<meta property=\"og:site_name\" content=\"Coaching Website-Kit\" \/>\n<meta property=\"article:modified_time\" content=\"2024-07-02T17:20:22+00:00\" \/>\n<meta name=\"twitter:card\" content=\"summary_large_image\" \/>\n<script type=\"application\/ld+json\" class=\"yoast-schema-graph\">{\"@context\":\"https:\\\/\\\/schema.org\",\"@graph\":[{\"@type\":\"WebPage\",\"@id\":\"https:\\\/\\\/demo.websitekit.de\\\/smartdesign-3\\\/freesession\\\/\",\"url\":\"https:\\\/\\\/demo.websitekit.de\\\/smartdesign-3\\\/freesession\\\/\",\"name\":\"Free Session - Coaching Website-Kit\",\"isPartOf\":{\"@id\":\"https:\\\/\\\/demo.websitekit.de\\\/smartdesign-3\\\/#website\"},\"datePublished\":\"2024-06-30T19:14:52+00:00\",\"dateModified\":\"2024-07-02T17:20:22+00:00\",\"description\":\"Benefit-orientierte HeadlineLorem ad ipsum dolor sit amet, ut adec elitis nam elitis nam duius, sed do eiusmod tempor.Lass uns \u00fcber dich reden!Ich m\u00f6chte ...\",\"breadcrumb\":{\"@id\":\"https:\\\/\\\/demo.websitekit.de\\\/smartdesign-3\\\/freesession\\\/#breadcrumb\"},\"inLanguage\":\"de\",\"potentialAction\":[{\"@type\":\"ReadAction\",\"target\":[\"https:\\\/\\\/demo.websitekit.de\\\/smartdesign-3\\\/freesession\\\/\"]}]},{\"@type\":\"BreadcrumbList\",\"@id\":\"https:\\\/\\\/demo.websitekit.de\\\/smartdesign-3\\\/freesession\\\/#breadcrumb\",\"itemListElement\":[{\"@type\":\"ListItem\",\"position\":1,\"name\":\"Startseite\",\"item\":\"https:\\\/\\\/demo.websitekit.de\\\/smartdesign-3\\\/\"},{\"@type\":\"ListItem\",\"position\":2,\"name\":\"Free Session\"}]},{\"@type\":\"WebSite\",\"@id\":\"https:\\\/\\\/demo.websitekit.de\\\/smartdesign-3\\\/#website\",\"url\":\"https:\\\/\\\/demo.websitekit.de\\\/smartdesign-3\\\/\",\"name\":\"Coaching Website-Kit\",\"description\":\"Kreiere deine eigene Coaching Website, die dein Business auf das n\u00e4chste Level hebt\",\"potentialAction\":[{\"@type\":\"SearchAction\",\"target\":{\"@type\":\"EntryPoint\",\"urlTemplate\":\"https:\\\/\\\/demo.websitekit.de\\\/smartdesign-3\\\/?s={search_term_string}\"},\"query-input\":{\"@type\":\"PropertyValueSpecification\",\"valueRequired\":true,\"valueName\":\"search_term_string\"}}],\"inLanguage\":\"de\"}]}<\/script>\n<!-- \/ Yoast SEO plugin. -->","yoast_head_json":{"title":"Free Session - Coaching Website-Kit","description":"Benefit-orientierte HeadlineLorem ad ipsum dolor sit amet, ut adec elitis nam elitis nam duius, sed do eiusmod tempor.Lass uns \u00fcber dich reden!Ich m\u00f6chte ...","robots":{"index":"noindex","follow":"follow","max-snippet":"max-snippet:-1","max-image-preview":"max-image-preview:large","max-video-preview":"max-video-preview:-1"},"og_locale":"de_DE","og_type":"article","og_title":"Free Session - Coaching Website-Kit","og_description":"Benefit-orientierte HeadlineLorem ad ipsum dolor sit amet, ut adec elitis nam elitis nam duius, sed do eiusmod tempor.Lass uns \u00fcber dich reden!Ich m\u00f6chte ...","og_url":"https:\/\/demo.websitekit.de\/smartdesign-3\/freesession\/","og_site_name":"Coaching Website-Kit","article_modified_time":"2024-07-02T17:20:22+00:00","twitter_card":"summary_large_image","schema":{"@context":"https:\/\/schema.org","@graph":[{"@type":"WebPage","@id":"https:\/\/demo.websitekit.de\/smartdesign-3\/freesession\/","url":"https:\/\/demo.websitekit.de\/smartdesign-3\/freesession\/","name":"Free Session - Coaching Website-Kit","isPartOf":{"@id":"https:\/\/demo.websitekit.de\/smartdesign-3\/#website"},"datePublished":"2024-06-30T19:14:52+00:00","dateModified":"2024-07-02T17:20:22+00:00","description":"Benefit-orientierte HeadlineLorem ad ipsum dolor sit amet, ut adec elitis nam elitis nam duius, sed do eiusmod tempor.Lass uns \u00fcber dich reden!Ich m\u00f6chte ...","breadcrumb":{"@id":"https:\/\/demo.websitekit.de\/smartdesign-3\/freesession\/#breadcrumb"},"inLanguage":"de","potentialAction":[{"@type":"ReadAction","target":["https:\/\/demo.websitekit.de\/smartdesign-3\/freesession\/"]}]},{"@type":"BreadcrumbList","@id":"https:\/\/demo.websitekit.de\/smartdesign-3\/freesession\/#breadcrumb","itemListElement":[{"@type":"ListItem","position":1,"name":"Startseite","item":"https:\/\/demo.websitekit.de\/smartdesign-3\/"},{"@type":"ListItem","position":2,"name":"Free Session"}]},{"@type":"WebSite","@id":"https:\/\/demo.websitekit.de\/smartdesign-3\/#website","url":"https:\/\/demo.websitekit.de\/smartdesign-3\/","name":"Coaching Website-Kit","description":"Kreiere deine eigene Coaching Website, die dein Business auf das n\u00e4chste Level hebt","potentialAction":[{"@type":"SearchAction","target":{"@type":"EntryPoint","urlTemplate":"https:\/\/demo.websitekit.de\/smartdesign-3\/?s={search_term_string}"},"query-input":{"@type":"PropertyValueSpecification","valueRequired":true,"valueName":"search_term_string"}}],"inLanguage":"de"}]}},"_links":{"self":[{"href":"https:\/\/demo.websitekit.de\/smartdesign-3\/wp-json\/wp\/v2\/pages\/23966","targetHints":{"allow":["GET"]}}],"collection":[{"href":"https:\/\/demo.websitekit.de\/smartdesign-3\/wp-json\/wp\/v2\/pages"}],"about":[{"href":"https:\/\/demo.websitekit.de\/smartdesign-3\/wp-json\/wp\/v2\/types\/page"}],"author":[{"embeddable":true,"href":"https:\/\/demo.websitekit.de\/smartdesign-3\/wp-json\/wp\/v2\/users\/7"}],"replies":[{"embeddable":true,"href":"https:\/\/demo.websitekit.de\/smartdesign-3\/wp-json\/wp\/v2\/comments?post=23966"}],"version-history":[{"count":5,"href":"https:\/\/demo.websitekit.de\/smartdesign-3\/wp-json\/wp\/v2\/pages\/23966\/revisions"}],"predecessor-version":[{"id":24573,"href":"https:\/\/demo.websitekit.de\/smartdesign-3\/wp-json\/wp\/v2\/pages\/23966\/revisions\/24573"}],"wp:attachment":[{"href":"https:\/\/demo.websitekit.de\/smartdesign-3\/wp-json\/wp\/v2\/media?parent=23966"}],"curies":[{"name":"wp","href":"https:\/\/api.w.org\/{rel}","templated":true}]}}