{"id":23970,"date":"2024-06-30T21:17:44","date_gmt":"2024-06-30T19:17:44","guid":{"rendered":"https:\/\/demo.websitekit.de\/smartdesign-3\/?page_id=23970"},"modified":"2024-07-02T19:23:23","modified_gmt":"2024-07-02T17:23:23","slug":"salespage","status":"publish","type":"page","link":"https:\/\/demo.websitekit.de\/smartdesign-3\/salespage\/","title":{"rendered":"Salespage"},"content":{"rendered":"<h1 style=\"\">Benefit-orientierte Headline<\/h1>\n<p style=\"\">[Kurze Sub Headline, definiert das Verkaufsversprechen] ohne [Schmerzpunkte]<\/p>\n<h2 style=\"text-align: left;\">Kennst du das?<\/h2>\n<p style=\"text-align: left;\">Lorem ipsum dolor sit amet, consectetur adipiscing elit. Morbi semper vulputate tincidunt. Mauris sodales vitae ipsum nec.<\/p>\n<h4 style=\"\"><strong>Problem 1<\/strong><\/h4>\n<p style=\"\">Lorem ipsum amet, ut consectetur adipisicing sed duius eiusmod.<\/p>\n<h4 style=\"\"><strong>Problem 2<\/strong><\/h4>\n<p style=\"\">Lorem ipsum amet, ut consectetur adipisicing sed duius eiusmod.<\/p>\n<h4 style=\"\"><strong>Problem 3<\/strong><\/h4>\n<p style=\"\">Lorem ipsum amet, ut consectetur adipisicing sed duius eiusmod.<\/p>\n<h2 style=\"text-align: left;\">Die L\u00f6sung<\/h2>\n<p style=\"\"><strong>Individuelles Schuldempfinden nehmen \/ Leidensdruck \/ Der alte Weg:<\/strong>&nbsp;Schuldgef\u00fchle k\u00f6nnen eine enorme Last sein und den Leidensdruck unn\u00f6tig verst\u00e4rken. Beschreibe den &#8222;alten Weg&#8220;, die Blockaden, die nicht zur Transformation f\u00fchren und den damit verbundenen Schmerz.<strong>(D)eine Hero journey \/ Transformation \/ Tipps &amp; Mehrwert geben \/ Der neue Weg:<\/strong> Beschreibe hier b\u00fcndig, wie du den &#8222;neuen Weg&#8220; gefunden hast und dass dieser auch f\u00fcr deine Zielgruppe machbar ist.<\/p>\n<p style=\"\">\n<p><strong>Schaffe Hoffnung f\u00fcr Transformation &amp; Paradies:&nbsp;<\/strong>Hoffnung ist der Schl\u00fcssel zur Transformation und der Beginn einer neuen Lebensphase. Beschreibe hier das Paradies deines Interessenten und dass er es erreichen kann.<\/p>\n<h2 style=\"\">Knackige Angebots-Beschreibung<\/h2>\n<p>[Kurze Sub Headline, definiert das Verkaufsversprechen] ohne [Auflistung Pain der Zielgruppe]<\/p>\n<p><span><span>&#8222;<\/span><\/span><span style=\"width: 100%;\"><img decoding=\"async\" alt=\"\" title=\"test_image\" data-id=\"2472\" src=\"https:\/\/demo.websitekit.de\/smartdesign-3\/wp-content\/uploads\/2024\/06\/test_image.png\" style=\"\" width=\"170\" height=\"170\" loading=\"lazy\"><\/span><\/p>\n<p style=\"text-align: left;\">Lorem ipsum dolor sit amet, consectetur adipiscing elit. Ut adec odio dui. Nulla eleifend purus in nisi bibendum aliquet. Aliquam pulvinar pellentesque felis, nec sollicitudin ligula feugiat at. Mauris ullamcorper ornare augue, maximus rutrum auctor nam elementum in.<\/p>\n<p>Anna Olson &#8211; blogger<\/p>\n<h2 style=\"text-align: center;\">Angebotsname<\/h2>\n<p><a href=\"#\"><span style=\"\"><span style=\"\">Monthly<\/span><\/span><\/a><strong>\u20ac<\/strong><strong>997<\/strong><\/p>\n<ul>\n<li style=\"\"><span style=\"\">List Element<\/span><\/li>\n<li style=\"\"><span style=\"\">List Element<\/span><\/li>\n<li style=\"\"><span style=\"\">List Element<\/span><\/li>\n<\/ul>\n<h1 style=\"\">Du bist durch unsere 100% Zufriedenheitsgarantie vollst\u00e4ndig gesch\u00fctzt.<\/h1>\n<p style=\"\">Wenn Ihnen dieses tolle Angebot aus irgendeinem Grund nicht gef\u00e4llt, k\u00f6nnen Sie jederzeit innerhalb von 30 Tagen nach dem Kauf eine vollst\u00e4ndige R\u00fcckerstattung erhalten.&nbsp;<\/p>\n<p style=\"\"><strong>100%<\/strong><\/p>\n<p style=\"\">Garantie<\/p>\n<h2 style=\"text-align: center;\">Deine n\u00e4chsten Schritte<\/h2>\n<p>01<\/p>\n<p style=\"\">Minim veniam, quis nostrud exercitation ullamco laboris nisi ut aliquip duius commodo nam auctor<\/p>\n<p>02<\/p>\n<p style=\"\">Minim veniam, quis nostrud exercitation ullamco laboris nisi ut aliquip duius commodo nam auctor<\/p>\n<p>03<\/p>\n<p style=\"\">Minim veniam, quis nostrud exercitation ullamco laboris nisi ut aliquip duius commodo nam auctor<\/p>\n<h2 style=\"\">FAQs<\/h2>\n<p><span><img decoding=\"async\" alt=\"\" data-id=\"24530\" width=\"500\" data-init-width=\"1200\" height=\"333\" data-init-height=\"800\" title=\"Angebot\" src=\"https:\/\/demo.websitekit.de\/smartdesign-3\/wp-content\/uploads\/2024\/07\/Angebot-15.jpg\" data-width=\"500\" data-height=\"333\" style=\"aspect-ratio: auto 1200 \/ 800;\" loading=\"lazy\"><\/span><\/p>\n<h2 style=\"\">Dein Statement<\/h2>\n<p style=\"\">Hast du eine kurze Botschaft?<\/p>\n<p style=\"\">Hier kannst du deinen Besucher ein letztes Mal auffordern, sich f\u00fcr ein Erstgespr\u00e4ch anzumelden.<\/p>\n","protected":false},"excerpt":{"rendered":"<p>Benefit-orientierte Headline [Kurze Sub Headline, definiert das Verkaufsversprechen] ohne [Schmerzpunkte] Kennst du das? Lorem ipsum dolor sit amet, consectetur adipiscing elit. Morbi semper vulputate tincidunt. Mauris sodales vitae ipsum nec. Problem 1 Lorem ipsum amet, ut consectetur adipisicing sed duius eiusmod. Problem 2 Lorem ipsum amet, ut consectetur adipisicing sed duius eiusmod. Problem 3 Lorem [&hellip;]<\/p>\n","protected":false},"author":7,"featured_media":0,"parent":0,"menu_order":0,"comment_status":"closed","ping_status":"closed","template":"","meta":{"_acf_changed":false,"footnotes":""},"class_list":["post-23970","page","type-page","status-publish","hentry","post-wrapper","thrv_wrapper"],"acf":[],"yoast_head":"<!-- This site is optimized with the Yoast SEO plugin v27.3 - https:\/\/yoast.com\/product\/yoast-seo-wordpress\/ -->\n<title>Salespage - Coaching Website-Kit<\/title>\n<meta name=\"description\" content=\"Benefit-orientierte Headline ohne Kennst du das?Lorem ipsum dolor sit amet, consectetur adipiscing elit. Morbi semper vulputate tincidunt. Mauris sodales ...\" \/>\n<meta name=\"robots\" content=\"noindex, follow, max-snippet:-1, max-image-preview:large, max-video-preview:-1\" \/>\n<meta property=\"og:locale\" content=\"de_DE\" \/>\n<meta property=\"og:type\" content=\"article\" \/>\n<meta property=\"og:title\" content=\"Salespage - Coaching Website-Kit\" \/>\n<meta property=\"og:description\" content=\"Benefit-orientierte Headline ohne Kennst du das?Lorem ipsum dolor sit amet, consectetur adipiscing elit. Morbi semper vulputate tincidunt. Mauris sodales ...\" \/>\n<meta property=\"og:url\" content=\"https:\/\/demo.websitekit.de\/smartdesign-3\/salespage\/\" \/>\n<meta property=\"og:site_name\" content=\"Coaching Website-Kit\" \/>\n<meta property=\"article:modified_time\" content=\"2024-07-02T17:23:23+00:00\" \/>\n<meta property=\"og:image\" content=\"https:\/\/demo.websitekit.de\/smartdesign-3\/wp-content\/uploads\/2024\/06\/test_image.png\" \/>\n<meta name=\"twitter:card\" content=\"summary_large_image\" \/>\n<script type=\"application\/ld+json\" class=\"yoast-schema-graph\">{\"@context\":\"https:\\\/\\\/schema.org\",\"@graph\":[{\"@type\":\"WebPage\",\"@id\":\"https:\\\/\\\/demo.websitekit.de\\\/smartdesign-3\\\/salespage\\\/\",\"url\":\"https:\\\/\\\/demo.websitekit.de\\\/smartdesign-3\\\/salespage\\\/\",\"name\":\"Salespage - Coaching Website-Kit\",\"isPartOf\":{\"@id\":\"https:\\\/\\\/demo.websitekit.de\\\/smartdesign-3\\\/#website\"},\"primaryImageOfPage\":{\"@id\":\"https:\\\/\\\/demo.websitekit.de\\\/smartdesign-3\\\/salespage\\\/#primaryimage\"},\"image\":{\"@id\":\"https:\\\/\\\/demo.websitekit.de\\\/smartdesign-3\\\/salespage\\\/#primaryimage\"},\"thumbnailUrl\":\"https:\\\/\\\/demo.websitekit.de\\\/smartdesign-3\\\/wp-content\\\/uploads\\\/2024\\\/06\\\/test_image.png\",\"datePublished\":\"2024-06-30T19:17:44+00:00\",\"dateModified\":\"2024-07-02T17:23:23+00:00\",\"description\":\"Benefit-orientierte Headline ohne Kennst du das?Lorem ipsum dolor sit amet, consectetur adipiscing elit. Morbi semper vulputate tincidunt. Mauris sodales ...\",\"breadcrumb\":{\"@id\":\"https:\\\/\\\/demo.websitekit.de\\\/smartdesign-3\\\/salespage\\\/#breadcrumb\"},\"inLanguage\":\"de\",\"potentialAction\":[{\"@type\":\"ReadAction\",\"target\":[\"https:\\\/\\\/demo.websitekit.de\\\/smartdesign-3\\\/salespage\\\/\"]}]},{\"@type\":\"ImageObject\",\"inLanguage\":\"de\",\"@id\":\"https:\\\/\\\/demo.websitekit.de\\\/smartdesign-3\\\/salespage\\\/#primaryimage\",\"url\":\"https:\\\/\\\/demo.websitekit.de\\\/smartdesign-3\\\/wp-content\\\/uploads\\\/2024\\\/06\\\/test_image.png\",\"contentUrl\":\"https:\\\/\\\/demo.websitekit.de\\\/smartdesign-3\\\/wp-content\\\/uploads\\\/2024\\\/06\\\/test_image.png\",\"width\":170,\"height\":170},{\"@type\":\"BreadcrumbList\",\"@id\":\"https:\\\/\\\/demo.websitekit.de\\\/smartdesign-3\\\/salespage\\\/#breadcrumb\",\"itemListElement\":[{\"@type\":\"ListItem\",\"position\":1,\"name\":\"Startseite\",\"item\":\"https:\\\/\\\/demo.websitekit.de\\\/smartdesign-3\\\/\"},{\"@type\":\"ListItem\",\"position\":2,\"name\":\"Salespage\"}]},{\"@type\":\"WebSite\",\"@id\":\"https:\\\/\\\/demo.websitekit.de\\\/smartdesign-3\\\/#website\",\"url\":\"https:\\\/\\\/demo.websitekit.de\\\/smartdesign-3\\\/\",\"name\":\"Coaching Website-Kit\",\"description\":\"Kreiere deine eigene Coaching Website, die dein Business auf das n\u00e4chste Level hebt\",\"potentialAction\":[{\"@type\":\"SearchAction\",\"target\":{\"@type\":\"EntryPoint\",\"urlTemplate\":\"https:\\\/\\\/demo.websitekit.de\\\/smartdesign-3\\\/?s={search_term_string}\"},\"query-input\":{\"@type\":\"PropertyValueSpecification\",\"valueRequired\":true,\"valueName\":\"search_term_string\"}}],\"inLanguage\":\"de\"}]}<\/script>\n<!-- \/ Yoast SEO plugin. -->","yoast_head_json":{"title":"Salespage - Coaching Website-Kit","description":"Benefit-orientierte Headline ohne Kennst du das?Lorem ipsum dolor sit amet, consectetur adipiscing elit. Morbi semper vulputate tincidunt. Mauris sodales ...","robots":{"index":"noindex","follow":"follow","max-snippet":"max-snippet:-1","max-image-preview":"max-image-preview:large","max-video-preview":"max-video-preview:-1"},"og_locale":"de_DE","og_type":"article","og_title":"Salespage - Coaching Website-Kit","og_description":"Benefit-orientierte Headline ohne Kennst du das?Lorem ipsum dolor sit amet, consectetur adipiscing elit. Morbi semper vulputate tincidunt. Mauris sodales ...","og_url":"https:\/\/demo.websitekit.de\/smartdesign-3\/salespage\/","og_site_name":"Coaching Website-Kit","article_modified_time":"2024-07-02T17:23:23+00:00","og_image":[{"url":"https:\/\/demo.websitekit.de\/smartdesign-3\/wp-content\/uploads\/2024\/06\/test_image.png","type":"","width":"","height":""}],"twitter_card":"summary_large_image","schema":{"@context":"https:\/\/schema.org","@graph":[{"@type":"WebPage","@id":"https:\/\/demo.websitekit.de\/smartdesign-3\/salespage\/","url":"https:\/\/demo.websitekit.de\/smartdesign-3\/salespage\/","name":"Salespage - Coaching Website-Kit","isPartOf":{"@id":"https:\/\/demo.websitekit.de\/smartdesign-3\/#website"},"primaryImageOfPage":{"@id":"https:\/\/demo.websitekit.de\/smartdesign-3\/salespage\/#primaryimage"},"image":{"@id":"https:\/\/demo.websitekit.de\/smartdesign-3\/salespage\/#primaryimage"},"thumbnailUrl":"https:\/\/demo.websitekit.de\/smartdesign-3\/wp-content\/uploads\/2024\/06\/test_image.png","datePublished":"2024-06-30T19:17:44+00:00","dateModified":"2024-07-02T17:23:23+00:00","description":"Benefit-orientierte Headline ohne Kennst du das?Lorem ipsum dolor sit amet, consectetur adipiscing elit. Morbi semper vulputate tincidunt. Mauris sodales ...","breadcrumb":{"@id":"https:\/\/demo.websitekit.de\/smartdesign-3\/salespage\/#breadcrumb"},"inLanguage":"de","potentialAction":[{"@type":"ReadAction","target":["https:\/\/demo.websitekit.de\/smartdesign-3\/salespage\/"]}]},{"@type":"ImageObject","inLanguage":"de","@id":"https:\/\/demo.websitekit.de\/smartdesign-3\/salespage\/#primaryimage","url":"https:\/\/demo.websitekit.de\/smartdesign-3\/wp-content\/uploads\/2024\/06\/test_image.png","contentUrl":"https:\/\/demo.websitekit.de\/smartdesign-3\/wp-content\/uploads\/2024\/06\/test_image.png","width":170,"height":170},{"@type":"BreadcrumbList","@id":"https:\/\/demo.websitekit.de\/smartdesign-3\/salespage\/#breadcrumb","itemListElement":[{"@type":"ListItem","position":1,"name":"Startseite","item":"https:\/\/demo.websitekit.de\/smartdesign-3\/"},{"@type":"ListItem","position":2,"name":"Salespage"}]},{"@type":"WebSite","@id":"https:\/\/demo.websitekit.de\/smartdesign-3\/#website","url":"https:\/\/demo.websitekit.de\/smartdesign-3\/","name":"Coaching Website-Kit","description":"Kreiere deine eigene Coaching Website, die dein Business auf das n\u00e4chste Level hebt","potentialAction":[{"@type":"SearchAction","target":{"@type":"EntryPoint","urlTemplate":"https:\/\/demo.websitekit.de\/smartdesign-3\/?s={search_term_string}"},"query-input":{"@type":"PropertyValueSpecification","valueRequired":true,"valueName":"search_term_string"}}],"inLanguage":"de"}]}},"_links":{"self":[{"href":"https:\/\/demo.websitekit.de\/smartdesign-3\/wp-json\/wp\/v2\/pages\/23970","targetHints":{"allow":["GET"]}}],"collection":[{"href":"https:\/\/demo.websitekit.de\/smartdesign-3\/wp-json\/wp\/v2\/pages"}],"about":[{"href":"https:\/\/demo.websitekit.de\/smartdesign-3\/wp-json\/wp\/v2\/types\/page"}],"author":[{"embeddable":true,"href":"https:\/\/demo.websitekit.de\/smartdesign-3\/wp-json\/wp\/v2\/users\/7"}],"replies":[{"embeddable":true,"href":"https:\/\/demo.websitekit.de\/smartdesign-3\/wp-json\/wp\/v2\/comments?post=23970"}],"version-history":[{"count":8,"href":"https:\/\/demo.websitekit.de\/smartdesign-3\/wp-json\/wp\/v2\/pages\/23970\/revisions"}],"predecessor-version":[{"id":24575,"href":"https:\/\/demo.websitekit.de\/smartdesign-3\/wp-json\/wp\/v2\/pages\/23970\/revisions\/24575"}],"wp:attachment":[{"href":"https:\/\/demo.websitekit.de\/smartdesign-3\/wp-json\/wp\/v2\/media?parent=23970"}],"curies":[{"name":"wp","href":"https:\/\/api.w.org\/{rel}","templated":true}]}}