{"id":8175,"date":"2019-10-11T11:54:00","date_gmt":"2019-10-11T09:54:00","guid":{"rendered":"https:\/\/websitekit.bewusstesmarketing.de\/?page_id=8175"},"modified":"2024-07-03T15:46:27","modified_gmt":"2024-07-03T13:46:27","slug":"startseite-s3","status":"publish","type":"page","link":"https:\/\/demo.websitekit.de\/smartdesign-3\/","title":{"rendered":"Smart Webdesign 3 &#8211; Startseite"},"content":{"rendered":"<h1 style=\"\">Hier steht deineknackige \u00dcberschrift<\/h1>\n<p style=\"\">Unterzeile: was bietest du an? Was ist dein Versprechen? Welche Zielgruppe sprichst du an?<\/p>\n<h2 style=\"\">Kennst du das?<\/h2>\n<p style=\"\">Hier kannst du das Problem konkreter beschreiben und solltest auch die emotionale Dimension des Problems beschreiben.<\/p>\n<h4 style=\"\"><strong>Problem 1<\/strong><\/h4>\n<p style=\"text-align: left;\">Hier kannst du das Problem konkreter beschreiben und solltest auch die emotionale Dimension des Problems beschreiben.&nbsp;<\/p>\n<h4><strong>Problem 2<\/strong><\/h4>\n<p style=\"text-align: left; color: var(--tcb-skin-color-5)  !important; --tcb-applied-color:var$(--tcb-skin-color-5)  !important;\">Hier kannst du das Problem konkreter beschreiben und solltest auch die emotionale Dimension des Problems beschreiben.&nbsp;<\/p>\n<h4 style=\"\"><strong>Problem 3<\/strong><\/h4>\n<p style=\"text-align: left; color: var(--tcb-skin-color-5)  !important; --tcb-applied-color:var$(--tcb-skin-color-5)  !important;\">Hier kannst du das Problem konkreter beschreiben und solltest auch die emotionale Dimension des Problems beschreiben.&nbsp;<\/p>\n<h2 style=\"text-align: center;\">Die L\u00f6sung und die positive Zukunft<em><span style=\"\"><\/span><\/em><\/h2>\n<p>Hier geht es um die Stufe des <strong>L\u00f6sungsbewusstseins<\/strong>.Beschreibe hier bestimmte L\u00f6sungen, welche die Probleme l\u00f6sen k\u00f6nnen. Es geht hier noch nicht um deine konkreten Angebote, sondern um die Art\/Kategorie deiner L\u00f6sung:Beispiele: Business Coaching, radikale Selbsterkenntnis, Kommunikationsstrategien, Meditation, etc.<\/p>\n<p><strong>Zukunftsbewusstsein<\/strong>: Beschreibe in diesem Teil auch, welche Transformation mit dieser L\u00f6sung m\u00f6glich ist. Welche Zukunftsvision, positives Selbstbild, neue Realit\u00e4t, Erfolge, etc. stellen sich ein mit dieser L\u00f6sung? Sei konkret und bleibe nicht zu abstrakt.<\/p>\n<p><span style=\"width: 100%;\"><img decoding=\"async\" alt=\"\" width=\"289\" height=\"289\" title=\"young-girl-enjoying-happy-moments-and-dancing-in-vineyard-picjumbo-com\" data-id=\"5477\" src=\"https:\/\/demo.websitekit.de\/smartdesign-3\/wp-content\/uploads\/2022\/07\/young-girl-enjoying-happy-moments-and-dancing-in-vineyard-picjumbo-com.jpg\" style=\"aspect-ratio: auto 800 \/ 800;\" data-width=\"289\" data-height=\"289\" data-init-width=\"800\" data-init-height=\"800\" loading=\"lazy\"><span><\/span><\/span><\/p>\n<h3>Angebot oder Situation 1<\/h3>\n<p style=\"color: var(--tcb-skin-color-5)  !important; --tcb-applied-color:var$(--tcb-skin-color-5)  !important;\"><strong>Angebotsbewusstsein<\/strong>: Beschreibe hier, f\u00fcr wen dieses Angebot genau das Richtige ist. Bietest du Coaching, Training, Workshops, Keynote Speaking an? Alternativ kannst du auch konkrete Situationen beschreiben, bei denen du helfen kannst und danach deine L\u00f6sung bzw. Angebot \u00fcber einen Button verlinken.<\/p>\n<p><span style=\"width: 100%;\"><img decoding=\"async\" alt=\"\" width=\"339\" height=\"339\" title=\"young-blonde-walking-towards-union-square-in-san-francisco-picjumbo-com\" data-id=\"5475\" src=\"https:\/\/demo.websitekit.de\/smartdesign-3\/wp-content\/uploads\/2022\/07\/young-blonde-walking-towards-union-square-in-san-francisco-picjumbo-com.jpg\" style=\"aspect-ratio: auto 801 \/ 801;\" data-width=\"339\" data-height=\"339\" data-init-width=\"801\" data-init-height=\"801\" loading=\"lazy\"><span><\/span><\/span><\/p>\n<h3>Angebot oder Situation 2<\/h3>\n<p style=\"color: var(--tcb-skin-color-5)  !important; --tcb-applied-color:var$(--tcb-skin-color-5)  !important;\"><strong>Angebotsbewusstsein<\/strong>: Beschreibe hier, f\u00fcr wen dieses Angebot genau das Richtige ist. Bietest du Coaching, Training, Workshops, Keynote Speaking an? Alternativ kannst du auch konkrete Situationen beschreiben, bei denen du helfen kannst und danach deine L\u00f6sung bzw. Angebot \u00fcber einen Button verlinken.<\/p>\n<h2 style=\"text-align: center;\">Was meine Klienten sagen<\/h2>\n<p style=\"\">Dein Testimonial sollte sinnliche Erfahrungen, konkrete Benefits und interessante USPs deiner Arbeit beschreiben und kein Platzf\u00fcller mit Allgemeinpl\u00e4tzen sein.<\/p>\n<p style=\"\"><em>Anna Olsen&nbsp;<\/em><\/p>\n<p style=\"\">Designerin<\/p>\n<p style=\"\">Dein Testimonial sollte sinnliche Erfahrungen, konkrete Benefits und interessante USPs deiner Arbeit beschreiben und kein Platzf\u00fcller mit Allgemeinpl\u00e4tzen sein.<\/p>\n<p style=\"\"><em>Emma Rilke&nbsp;<\/em><\/p>\n<p style=\"\">Marketing Expertin<\/p>\n<p style=\"\">Dein Testimonial sollte sinnliche Erfahrungen, konkrete Benefits und interessante USPs deiner Arbeit beschreiben und kein Platzf\u00fcller mit Allgemeinpl\u00e4tzen sein.<\/p>\n<p style=\"\"><em>Julian Meyer<\/em><\/p>\n<p style=\"\">Human Resources<\/p>\n<p><span><img decoding=\"async\" alt=\"\" data-id=\"5475\" width=\"801\" height=\"801\" title=\"young-blonde-walking-towards-union-square-in-san-francisco-picjumbo-com\" src=\"https:\/\/demo.websitekit.de\/smartdesign-3\/wp-content\/uploads\/2022\/07\/young-blonde-walking-towards-union-square-in-san-francisco-picjumbo-com.jpg\" ml-d=\"-1\" style=\"\" loading=\"lazy\"><\/span>MEIN NAME ISTAnna Jacobs<\/p>\n<p style=\"text-align: center;\">Beschreibe hier das essenzielle \u00fcber dich und deine Arbeit: deine Philosophie, eine kleine Beschreibung deiner Person\/Geschichte, \u00fcber deine innere Haltung, deine Warum, Coach oder Berater zu sein. Verlinke auch hier auf deine \u00dcber-mich-Seite und Social Media-Kan\u00e4le.<\/p>\n<h2 style=\"text-align: center;\">Meine letzten&nbsp;<em>Blogartikel<\/em><\/h2>\n<p style=\"\"><span data-attr-link=\"1\" data-attr-rel=\"0\" data-attr-target=\"0\" data-extra_key=\"\" data-option-inline=\"1\" data-shortcode=\"tcb_post_tags\" data-shortcode-name=\"List of Tags\" data-attr-css=\"\"><\/span><\/p>\n<h2><span data-attr-css=\"\" data-attr-link=\"1\" data-attr-rel=\"0\" data-attr-target=\"0\" data-extra_key=\"\" data-option-inline=\"1\" data-shortcode=\"tcb_post_title\" data-shortcode-name=\"Post title\" data-attr-static-link=\"{&quot;className&quot;:&quot;&quot;,&quot;href&quot;:&quot;https:\/\/demo.websitekit.de\/smartdesign-3\/entspannung-bei-der-arbeit\/&quot;,&quot;title&quot;:&quot;Die neue F\u00fchrungskultur ((Artikel mit Bild))&quot;,&quot;class&quot;:&quot;&quot;}\"><a href=\"https:\/\/demo.websitekit.de\/smartdesign-3\/entspannung-bei-der-arbeit\/\" title=\"Die neue F\u00fchrungskultur [Artikel mit Bild]\" data-css=\"\">Die neue F\u00fchrungskultur [Artikel mit Bild]<\/a><\/span><\/h2>\n<p><a href=\"https:\/\/demo.websitekit.de\/smartdesign-3\/entspannung-bei-der-arbeit\/\" dynamic-postlink=\"tcb_post_the_permalink\" data-shortcode-id=\"3974\"><\/a><\/p>\n<p style=\"\"><span data-attr-link=\"1\" data-attr-rel=\"0\" data-attr-target=\"0\" data-extra_key=\"\" data-option-inline=\"1\" data-shortcode=\"tcb_post_tags\" data-shortcode-name=\"List of Tags\" data-attr-css=\"\"><\/span><\/p>\n<h2><span data-attr-css=\"\" data-attr-link=\"1\" data-attr-rel=\"0\" data-attr-target=\"0\" data-extra_key=\"\" data-option-inline=\"1\" data-shortcode=\"tcb_post_title\" data-shortcode-name=\"Post title\" data-attr-static-link=\"{&quot;className&quot;:&quot;&quot;,&quot;href&quot;:&quot;https:\/\/demo.websitekit.de\/smartdesign-3\/entspannung-bei-der-arbeit\/&quot;,&quot;title&quot;:&quot;Die neue F\u00fchrungskultur ((Artikel mit Bild))&quot;,&quot;class&quot;:&quot;&quot;}\"><a href=\"https:\/\/demo.websitekit.de\/smartdesign-3\/ursachen-von-stress\/\" title=\"Blogartikel mit Video\" data-css=\"\">Blogartikel mit Video<\/a><\/span><\/h2>\n<p><a href=\"https:\/\/demo.websitekit.de\/smartdesign-3\/ursachen-von-stress\/\" dynamic-postlink=\"tcb_post_the_permalink\" data-shortcode-id=\"3974\"><\/a><\/p>\n<p style=\"\"><span data-attr-link=\"1\" data-attr-rel=\"0\" data-attr-target=\"0\" data-extra_key=\"\" data-option-inline=\"1\" data-shortcode=\"tcb_post_tags\" data-shortcode-name=\"List of Tags\" data-attr-css=\"\"><\/span><\/p>\n<h2><span data-attr-css=\"\" data-attr-link=\"1\" data-attr-rel=\"0\" data-attr-target=\"0\" data-extra_key=\"\" data-option-inline=\"1\" data-shortcode=\"tcb_post_title\" data-shortcode-name=\"Post title\" data-attr-static-link=\"{&quot;className&quot;:&quot;&quot;,&quot;href&quot;:&quot;https:\/\/demo.websitekit.de\/smartdesign-3\/entspannung-bei-der-arbeit\/&quot;,&quot;title&quot;:&quot;Die neue F\u00fchrungskultur ((Artikel mit Bild))&quot;,&quot;class&quot;:&quot;&quot;}\"><a href=\"https:\/\/demo.websitekit.de\/smartdesign-3\/die-5-mythen-im-stressmanagement\/\" title=\"Blogartikel mit Sidebar\" data-css=\"\">Blogartikel mit Sidebar<\/a><\/span><\/h2>\n<p><a href=\"https:\/\/demo.websitekit.de\/smartdesign-3\/die-5-mythen-im-stressmanagement\/\" dynamic-postlink=\"tcb_post_the_permalink\" data-shortcode-id=\"3974\"><\/a><\/p>\n<h2 style=\"\">Was ist der n\u00e4chste Schritt f\u00fcr deinen Besucher?&nbsp;<\/h2>\n<p style=\"\">Hier kannst du deinen Besucher auffordern, bei dir eine kostenfreie Coaching-Session zu buchen oder deine Kostprobe bzw. deinen Newsletter anbieten.&nbsp;<\/p>\n","protected":false},"excerpt":{"rendered":"<p>Hier steht deineknackige \u00dcberschrift Unterzeile: was bietest du an? Was ist dein Versprechen? Welche Zielgruppe sprichst du an? Kennst du das? Hier kannst du das Problem konkreter beschreiben und solltest auch die emotionale Dimension des Problems beschreiben. Problem 1 Hier kannst du das Problem konkreter beschreiben und solltest auch die emotionale Dimension des Problems beschreiben.&nbsp; [&hellip;]<\/p>\n","protected":false},"author":7,"featured_media":0,"parent":0,"menu_order":56,"comment_status":"closed","ping_status":"closed","template":"","meta":{"_acf_changed":false,"footnotes":""},"class_list":["post-8175","page","type-page","status-publish","hentry","post-wrapper","thrv_wrapper"],"acf":[],"yoast_head":"<!-- This site is optimized with the Yoast SEO plugin v27.3 - https:\/\/yoast.com\/product\/yoast-seo-wordpress\/ -->\n<title>Smart Webdesign 3 &#8211; Startseite - Coaching Website-Kit<\/title>\n<meta name=\"description\" content=\"Hier steht deineknackige \u00dcberschriftUnterzeile: was bietest du an? Was ist dein Versprechen? Welche Zielgruppe sprichst du an?Kennst du das?Hier kannst du ...\" \/>\n<meta name=\"robots\" content=\"noindex, follow, max-snippet:-1, max-image-preview:large, max-video-preview:-1\" \/>\n<meta property=\"og:locale\" content=\"de_DE\" \/>\n<meta property=\"og:type\" content=\"article\" \/>\n<meta property=\"og:title\" content=\"Smart Webdesign 3 &#8211; Startseite - Coaching Website-Kit\" \/>\n<meta property=\"og:description\" content=\"Hier steht deineknackige \u00dcberschriftUnterzeile: was bietest du an? Was ist dein Versprechen? Welche Zielgruppe sprichst du an?Kennst du das?Hier kannst du ...\" \/>\n<meta property=\"og:url\" content=\"https:\/\/demo.websitekit.de\/smartdesign-3\/\" \/>\n<meta property=\"og:site_name\" content=\"Coaching Website-Kit\" \/>\n<meta property=\"article:modified_time\" content=\"2024-07-03T13:46:27+00:00\" \/>\n<meta property=\"og:image\" content=\"https:\/\/demo.websitekit.de\/smartdesign-3\/wp-content\/uploads\/2022\/07\/young-girl-enjoying-happy-moments-and-dancing-in-vineyard-picjumbo-com.jpg\" \/>\n<meta name=\"twitter:card\" content=\"summary_large_image\" \/>\n<meta name=\"twitter:label1\" content=\"Gesch\u00e4tzte Lesezeit\" \/>\n\t<meta name=\"twitter:data1\" content=\"2\u00a0Minuten\" \/>\n<script type=\"application\/ld+json\" class=\"yoast-schema-graph\">{\"@context\":\"https:\\\/\\\/schema.org\",\"@graph\":[{\"@type\":\"WebPage\",\"@id\":\"https:\\\/\\\/demo.websitekit.de\\\/smartdesign-3\\\/\",\"url\":\"https:\\\/\\\/demo.websitekit.de\\\/smartdesign-3\\\/\",\"name\":\"Smart Webdesign 3 &#8211; Startseite - Coaching Website-Kit\",\"isPartOf\":{\"@id\":\"https:\\\/\\\/demo.websitekit.de\\\/smartdesign-3\\\/#website\"},\"primaryImageOfPage\":{\"@id\":\"https:\\\/\\\/demo.websitekit.de\\\/smartdesign-3\\\/#primaryimage\"},\"image\":{\"@id\":\"https:\\\/\\\/demo.websitekit.de\\\/smartdesign-3\\\/#primaryimage\"},\"thumbnailUrl\":\"https:\\\/\\\/demo.websitekit.de\\\/smartdesign-3\\\/wp-content\\\/uploads\\\/2022\\\/07\\\/young-girl-enjoying-happy-moments-and-dancing-in-vineyard-picjumbo-com.jpg\",\"datePublished\":\"2019-10-11T09:54:00+00:00\",\"dateModified\":\"2024-07-03T13:46:27+00:00\",\"description\":\"Hier steht deineknackige \u00dcberschriftUnterzeile: was bietest du an? Was ist dein Versprechen? Welche Zielgruppe sprichst du an?Kennst du das?Hier kannst du ...\",\"breadcrumb\":{\"@id\":\"https:\\\/\\\/demo.websitekit.de\\\/smartdesign-3\\\/#breadcrumb\"},\"inLanguage\":\"de\",\"potentialAction\":[{\"@type\":\"ReadAction\",\"target\":[\"https:\\\/\\\/demo.websitekit.de\\\/smartdesign-3\\\/\"]}]},{\"@type\":\"ImageObject\",\"inLanguage\":\"de\",\"@id\":\"https:\\\/\\\/demo.websitekit.de\\\/smartdesign-3\\\/#primaryimage\",\"url\":\"https:\\\/\\\/demo.websitekit.de\\\/smartdesign-3\\\/wp-content\\\/uploads\\\/2022\\\/07\\\/young-girl-enjoying-happy-moments-and-dancing-in-vineyard-picjumbo-com.jpg\",\"contentUrl\":\"https:\\\/\\\/demo.websitekit.de\\\/smartdesign-3\\\/wp-content\\\/uploads\\\/2022\\\/07\\\/young-girl-enjoying-happy-moments-and-dancing-in-vineyard-picjumbo-com.jpg\",\"width\":800,\"height\":800},{\"@type\":\"BreadcrumbList\",\"@id\":\"https:\\\/\\\/demo.websitekit.de\\\/smartdesign-3\\\/#breadcrumb\",\"itemListElement\":[{\"@type\":\"ListItem\",\"position\":1,\"name\":\"Startseite\",\"item\":\"https:\\\/\\\/demo.websitekit.de\\\/smartdesign-3\\\/\"},{\"@type\":\"ListItem\",\"position\":2,\"name\":\"Smart Webdesign 3 &#8211; Startseite\"}]},{\"@type\":\"WebSite\",\"@id\":\"https:\\\/\\\/demo.websitekit.de\\\/smartdesign-3\\\/#website\",\"url\":\"https:\\\/\\\/demo.websitekit.de\\\/smartdesign-3\\\/\",\"name\":\"Coaching Website-Kit\",\"description\":\"Kreiere deine eigene Coaching Website, die dein Business auf das n\u00e4chste Level hebt\",\"potentialAction\":[{\"@type\":\"SearchAction\",\"target\":{\"@type\":\"EntryPoint\",\"urlTemplate\":\"https:\\\/\\\/demo.websitekit.de\\\/smartdesign-3\\\/?s={search_term_string}\"},\"query-input\":{\"@type\":\"PropertyValueSpecification\",\"valueRequired\":true,\"valueName\":\"search_term_string\"}}],\"inLanguage\":\"de\"}]}<\/script>\n<!-- \/ Yoast SEO plugin. -->","yoast_head_json":{"title":"Smart Webdesign 3 &#8211; Startseite - Coaching Website-Kit","description":"Hier steht deineknackige \u00dcberschriftUnterzeile: was bietest du an? Was ist dein Versprechen? Welche Zielgruppe sprichst du an?Kennst du das?Hier kannst du ...","robots":{"index":"noindex","follow":"follow","max-snippet":"max-snippet:-1","max-image-preview":"max-image-preview:large","max-video-preview":"max-video-preview:-1"},"og_locale":"de_DE","og_type":"article","og_title":"Smart Webdesign 3 &#8211; Startseite - Coaching Website-Kit","og_description":"Hier steht deineknackige \u00dcberschriftUnterzeile: was bietest du an? Was ist dein Versprechen? Welche Zielgruppe sprichst du an?Kennst du das?Hier kannst du ...","og_url":"https:\/\/demo.websitekit.de\/smartdesign-3\/","og_site_name":"Coaching Website-Kit","article_modified_time":"2024-07-03T13:46:27+00:00","og_image":[{"url":"https:\/\/demo.websitekit.de\/smartdesign-3\/wp-content\/uploads\/2022\/07\/young-girl-enjoying-happy-moments-and-dancing-in-vineyard-picjumbo-com.jpg","type":"","width":"","height":""}],"twitter_card":"summary_large_image","twitter_misc":{"Gesch\u00e4tzte Lesezeit":"2\u00a0Minuten"},"schema":{"@context":"https:\/\/schema.org","@graph":[{"@type":"WebPage","@id":"https:\/\/demo.websitekit.de\/smartdesign-3\/","url":"https:\/\/demo.websitekit.de\/smartdesign-3\/","name":"Smart Webdesign 3 &#8211; Startseite - Coaching Website-Kit","isPartOf":{"@id":"https:\/\/demo.websitekit.de\/smartdesign-3\/#website"},"primaryImageOfPage":{"@id":"https:\/\/demo.websitekit.de\/smartdesign-3\/#primaryimage"},"image":{"@id":"https:\/\/demo.websitekit.de\/smartdesign-3\/#primaryimage"},"thumbnailUrl":"https:\/\/demo.websitekit.de\/smartdesign-3\/wp-content\/uploads\/2022\/07\/young-girl-enjoying-happy-moments-and-dancing-in-vineyard-picjumbo-com.jpg","datePublished":"2019-10-11T09:54:00+00:00","dateModified":"2024-07-03T13:46:27+00:00","description":"Hier steht deineknackige \u00dcberschriftUnterzeile: was bietest du an? Was ist dein Versprechen? Welche Zielgruppe sprichst du an?Kennst du das?Hier kannst du ...","breadcrumb":{"@id":"https:\/\/demo.websitekit.de\/smartdesign-3\/#breadcrumb"},"inLanguage":"de","potentialAction":[{"@type":"ReadAction","target":["https:\/\/demo.websitekit.de\/smartdesign-3\/"]}]},{"@type":"ImageObject","inLanguage":"de","@id":"https:\/\/demo.websitekit.de\/smartdesign-3\/#primaryimage","url":"https:\/\/demo.websitekit.de\/smartdesign-3\/wp-content\/uploads\/2022\/07\/young-girl-enjoying-happy-moments-and-dancing-in-vineyard-picjumbo-com.jpg","contentUrl":"https:\/\/demo.websitekit.de\/smartdesign-3\/wp-content\/uploads\/2022\/07\/young-girl-enjoying-happy-moments-and-dancing-in-vineyard-picjumbo-com.jpg","width":800,"height":800},{"@type":"BreadcrumbList","@id":"https:\/\/demo.websitekit.de\/smartdesign-3\/#breadcrumb","itemListElement":[{"@type":"ListItem","position":1,"name":"Startseite","item":"https:\/\/demo.websitekit.de\/smartdesign-3\/"},{"@type":"ListItem","position":2,"name":"Smart Webdesign 3 &#8211; Startseite"}]},{"@type":"WebSite","@id":"https:\/\/demo.websitekit.de\/smartdesign-3\/#website","url":"https:\/\/demo.websitekit.de\/smartdesign-3\/","name":"Coaching Website-Kit","description":"Kreiere deine eigene Coaching Website, die dein Business auf das n\u00e4chste Level hebt","potentialAction":[{"@type":"SearchAction","target":{"@type":"EntryPoint","urlTemplate":"https:\/\/demo.websitekit.de\/smartdesign-3\/?s={search_term_string}"},"query-input":{"@type":"PropertyValueSpecification","valueRequired":true,"valueName":"search_term_string"}}],"inLanguage":"de"}]}},"_links":{"self":[{"href":"https:\/\/demo.websitekit.de\/smartdesign-3\/wp-json\/wp\/v2\/pages\/8175","targetHints":{"allow":["GET"]}}],"collection":[{"href":"https:\/\/demo.websitekit.de\/smartdesign-3\/wp-json\/wp\/v2\/pages"}],"about":[{"href":"https:\/\/demo.websitekit.de\/smartdesign-3\/wp-json\/wp\/v2\/types\/page"}],"author":[{"embeddable":true,"href":"https:\/\/demo.websitekit.de\/smartdesign-3\/wp-json\/wp\/v2\/users\/7"}],"replies":[{"embeddable":true,"href":"https:\/\/demo.websitekit.de\/smartdesign-3\/wp-json\/wp\/v2\/comments?post=8175"}],"version-history":[{"count":10,"href":"https:\/\/demo.websitekit.de\/smartdesign-3\/wp-json\/wp\/v2\/pages\/8175\/revisions"}],"predecessor-version":[{"id":24583,"href":"https:\/\/demo.websitekit.de\/smartdesign-3\/wp-json\/wp\/v2\/pages\/8175\/revisions\/24583"}],"wp:attachment":[{"href":"https:\/\/demo.websitekit.de\/smartdesign-3\/wp-json\/wp\/v2\/media?parent=8175"}],"curies":[{"name":"wp","href":"https:\/\/api.w.org\/{rel}","templated":true}]}}