{"id":8494,"date":"2019-10-15T10:31:41","date_gmt":"2019-10-15T08:31:41","guid":{"rendered":"https:\/\/websitekit.bewusstesmarketing.de\/?page_id=8494"},"modified":"2024-07-01T14:47:52","modified_gmt":"2024-07-01T12:47:52","slug":"kontakt-s3","status":"publish","type":"page","link":"https:\/\/demo.websitekit.de\/smartdesign-3\/kontakt-s3\/","title":{"rendered":"Smart Webdesign 3 &#8211; Kontakt"},"content":{"rendered":"<h1>Kontaktiere mich<\/h1>\n<p style=\"\">Buche direkt ein pers\u00f6nliches Kennenlerngespr\u00e4ch \u00fcber Zoom oder schreibe mir eine Nachricht. Ich freue mich auf dich!<\/p>\n<p><!-- Calendly Inline-Widget Beginn -->[tcb-script type=&#8220;text\/javascript&#8220; src=&#8220;https:\/\/assets.calendly.com\/assets\/external\/widget.js&#8220; async=&#8220;&#8220;][\/tcb-script]<!-- Calendly Inline-Widget Ende --><\/p>\n<h2 style=\"\">Meine Kontaktdaten<\/h2>\n<p style=\"color: var(--tcb-skin-color-23) !important; --tcb-applied-color: var$(--tcb-skin-color-23) !important;\"><strong>Adresse der Praxis<\/strong><\/p>\n<p><span data-attr-id=\"2\" data-attr-multiline=\"0\" data-extra_key=\"1\" data-option-inline=\"1\" data-shortcode=\"thrive_global_fields\" data-shortcode-name=\"[Company] Address\">Friedrichstra\u00dfe 4, Berlin, 10110<\/span><\/p>\n<p style=\"color: var(--tcb-skin-color-23) !important; --tcb-applied-color: var$(--tcb-skin-color-23) !important;\"><strong>Telefon<\/strong><\/p>\n<p><span data-attr-id=\"3\" data-extra_key=\"1\" data-option-inline=\"1\" data-shortcode=\"thrive_global_fields\" data-shortcode-name=\"[Company] Phone number\">030 123456<\/span><\/p>\n<p style=\"\"><strong>Sprechzeiten<\/strong><\/p>\n<p>Montag &#8211; Freitag : 14-18 Uhr<\/p>\n<p>Samstag: 10 &#8211; 12 Uhr&nbsp;<\/p>\n<p style=\"\">E-Mail-Adresse<\/p>\n<p><span data-attr-id=\"5\" data-extra_key=\"1\" data-option-inline=\"1\" data-shortcode=\"thrive_global_fields\" data-shortcode-name=\"[Company] Email address\">kontakt@me.de<\/span><\/p>\n<p style=\"\">Social Media-Kan\u00e4le<\/p>\n<p><a href=\"https:\/\/websitekit.de\" target=\"_blank\" rel=\"nofollow noopener\" data-dynamic-link=\"thrive_global_fields_url\" data-shortcode-id=\"fb\" data-id=\"icon-facebook\"><span style=\"\">                     <\/span><\/a><a href=\"\" target=\"_blank\" rel=\"nofollow noopener\" data-dynamic-link=\"thrive_global_fields_url\" data-shortcode-id=\"yt\" data-id=\"icon-youtube\"><span style=\"\">                     <\/span><\/a><a href=\"\" target=\"_blank\" rel=\"nofollow noopener\" data-dynamic-link=\"thrive_global_fields_url\" data-shortcode-id=\"in\" data-id=\"icon-linkedin\"><span style=\"\">                     <\/span><\/a><a href=\"\" target=\"_blank\" rel=\"nofollow noopener\" data-dynamic-link=\"thrive_global_fields_url\" data-shortcode-id=\"ig\" data-id=\"icon-instagram\"><span style=\"\">                     <\/span><\/a><a href=\"\" target=\"_blank\" rel=\"nofollow noopener\" data-dynamic-link=\"thrive_global_fields_url\" data-shortcode-id=\"xing\" data-id=\"icon-xing\"><span style=\"\">                     <\/span><\/a><a href=\"\" target=\"_blank\" rel=\"nofollow noopener\" data-dynamic-link=\"thrive_global_fields_url\" data-shortcode-id=\"tiktok\" data-id=\"icon-link\"><span style=\"\">                     <\/span><\/a><a href=\"\" target=\"_blank\" rel=\"nofollow noopener\" data-dynamic-link=\"thrive_global_fields_url\" data-shortcode-id=\"t\" data-id=\"icon-link\"><span style=\"\">                     <\/span><\/a><\/p>\n<h2 style=\"\">Schreibe eine Nachricht<\/h2>\n","protected":false},"excerpt":{"rendered":"<p>Kontaktiere mich Buche direkt ein pers\u00f6nliches Kennenlerngespr\u00e4ch \u00fcber Zoom oder schreibe mir eine Nachricht. Ich freue mich auf dich! [tcb-script type=&#8220;text\/javascript&#8220; src=&#8220;https:\/\/assets.calendly.com\/assets\/external\/widget.js&#8220; async=&#8220;&#8220;][\/tcb-script] Meine Kontaktdaten Adresse der Praxis Friedrichstra\u00dfe 4, Berlin, 10110 Telefon 030 123456 Sprechzeiten Montag &#8211; Freitag : 14-18 Uhr Samstag: 10 &#8211; 12 Uhr&nbsp; E-Mail-Adresse kontakt@me.de Social Media-Kan\u00e4le Schreibe eine Nachricht<\/p>\n","protected":false},"author":7,"featured_media":0,"parent":0,"menu_order":75,"comment_status":"closed","ping_status":"closed","template":"","meta":{"_acf_changed":false,"footnotes":""},"class_list":["post-8494","page","type-page","status-publish","hentry","post-wrapper","thrv_wrapper"],"acf":[],"yoast_head":"<!-- This site is optimized with the Yoast SEO plugin v27.3 - https:\/\/yoast.com\/product\/yoast-seo-wordpress\/ -->\n<title>Smart Webdesign 3 - Kontakt - Coaching Website-Kit<\/title>\n<meta name=\"description\" content=\"Kontaktiere michBuche direkt ein pers\u00f6nliches Kennenlerngespr\u00e4ch \u00fcber Zoom oder schreibe mir eine Nachricht. Ich freue mich auf dich!Meine ...\" \/>\n<meta name=\"robots\" content=\"noindex, follow, max-snippet:-1, max-image-preview:large, max-video-preview:-1\" \/>\n<meta property=\"og:locale\" content=\"de_DE\" \/>\n<meta property=\"og:type\" content=\"article\" \/>\n<meta property=\"og:title\" content=\"Smart Webdesign 3 - Kontakt - Coaching Website-Kit\" \/>\n<meta property=\"og:description\" content=\"Kontaktiere michBuche direkt ein pers\u00f6nliches Kennenlerngespr\u00e4ch \u00fcber Zoom oder schreibe mir eine Nachricht. Ich freue mich auf dich!Meine ...\" \/>\n<meta property=\"og:url\" content=\"https:\/\/demo.websitekit.de\/smartdesign-3\/kontakt-s3\/\" \/>\n<meta property=\"og:site_name\" content=\"Coaching Website-Kit\" \/>\n<meta property=\"article:modified_time\" content=\"2024-07-01T12:47:52+00:00\" \/>\n<meta name=\"twitter:card\" content=\"summary_large_image\" \/>\n<script type=\"application\/ld+json\" class=\"yoast-schema-graph\">{\"@context\":\"https:\\\/\\\/schema.org\",\"@graph\":[{\"@type\":\"WebPage\",\"@id\":\"https:\\\/\\\/demo.websitekit.de\\\/smartdesign-3\\\/kontakt-s3\\\/\",\"url\":\"https:\\\/\\\/demo.websitekit.de\\\/smartdesign-3\\\/kontakt-s3\\\/\",\"name\":\"Smart Webdesign 3 - Kontakt - Coaching Website-Kit\",\"isPartOf\":{\"@id\":\"https:\\\/\\\/demo.websitekit.de\\\/smartdesign-3\\\/#website\"},\"datePublished\":\"2019-10-15T08:31:41+00:00\",\"dateModified\":\"2024-07-01T12:47:52+00:00\",\"description\":\"Kontaktiere michBuche direkt ein pers\u00f6nliches Kennenlerngespr\u00e4ch \u00fcber Zoom oder schreibe mir eine Nachricht. Ich freue mich auf dich!Meine ...\",\"breadcrumb\":{\"@id\":\"https:\\\/\\\/demo.websitekit.de\\\/smartdesign-3\\\/kontakt-s3\\\/#breadcrumb\"},\"inLanguage\":\"de\",\"potentialAction\":[{\"@type\":\"ReadAction\",\"target\":[\"https:\\\/\\\/demo.websitekit.de\\\/smartdesign-3\\\/kontakt-s3\\\/\"]}]},{\"@type\":\"BreadcrumbList\",\"@id\":\"https:\\\/\\\/demo.websitekit.de\\\/smartdesign-3\\\/kontakt-s3\\\/#breadcrumb\",\"itemListElement\":[{\"@type\":\"ListItem\",\"position\":1,\"name\":\"Startseite\",\"item\":\"https:\\\/\\\/demo.websitekit.de\\\/smartdesign-3\\\/\"},{\"@type\":\"ListItem\",\"position\":2,\"name\":\"Smart Webdesign 3 &#8211; Kontakt\"}]},{\"@type\":\"WebSite\",\"@id\":\"https:\\\/\\\/demo.websitekit.de\\\/smartdesign-3\\\/#website\",\"url\":\"https:\\\/\\\/demo.websitekit.de\\\/smartdesign-3\\\/\",\"name\":\"Coaching Website-Kit\",\"description\":\"Kreiere deine eigene Coaching Website, die dein Business auf das n\u00e4chste Level hebt\",\"potentialAction\":[{\"@type\":\"SearchAction\",\"target\":{\"@type\":\"EntryPoint\",\"urlTemplate\":\"https:\\\/\\\/demo.websitekit.de\\\/smartdesign-3\\\/?s={search_term_string}\"},\"query-input\":{\"@type\":\"PropertyValueSpecification\",\"valueRequired\":true,\"valueName\":\"search_term_string\"}}],\"inLanguage\":\"de\"}]}<\/script>\n<!-- \/ Yoast SEO plugin. -->","yoast_head_json":{"title":"Smart Webdesign 3 - Kontakt - Coaching Website-Kit","description":"Kontaktiere michBuche direkt ein pers\u00f6nliches Kennenlerngespr\u00e4ch \u00fcber Zoom oder schreibe mir eine Nachricht. Ich freue mich auf dich!Meine ...","robots":{"index":"noindex","follow":"follow","max-snippet":"max-snippet:-1","max-image-preview":"max-image-preview:large","max-video-preview":"max-video-preview:-1"},"og_locale":"de_DE","og_type":"article","og_title":"Smart Webdesign 3 - Kontakt - Coaching Website-Kit","og_description":"Kontaktiere michBuche direkt ein pers\u00f6nliches Kennenlerngespr\u00e4ch \u00fcber Zoom oder schreibe mir eine Nachricht. Ich freue mich auf dich!Meine ...","og_url":"https:\/\/demo.websitekit.de\/smartdesign-3\/kontakt-s3\/","og_site_name":"Coaching Website-Kit","article_modified_time":"2024-07-01T12:47:52+00:00","twitter_card":"summary_large_image","schema":{"@context":"https:\/\/schema.org","@graph":[{"@type":"WebPage","@id":"https:\/\/demo.websitekit.de\/smartdesign-3\/kontakt-s3\/","url":"https:\/\/demo.websitekit.de\/smartdesign-3\/kontakt-s3\/","name":"Smart Webdesign 3 - Kontakt - Coaching Website-Kit","isPartOf":{"@id":"https:\/\/demo.websitekit.de\/smartdesign-3\/#website"},"datePublished":"2019-10-15T08:31:41+00:00","dateModified":"2024-07-01T12:47:52+00:00","description":"Kontaktiere michBuche direkt ein pers\u00f6nliches Kennenlerngespr\u00e4ch \u00fcber Zoom oder schreibe mir eine Nachricht. Ich freue mich auf dich!Meine ...","breadcrumb":{"@id":"https:\/\/demo.websitekit.de\/smartdesign-3\/kontakt-s3\/#breadcrumb"},"inLanguage":"de","potentialAction":[{"@type":"ReadAction","target":["https:\/\/demo.websitekit.de\/smartdesign-3\/kontakt-s3\/"]}]},{"@type":"BreadcrumbList","@id":"https:\/\/demo.websitekit.de\/smartdesign-3\/kontakt-s3\/#breadcrumb","itemListElement":[{"@type":"ListItem","position":1,"name":"Startseite","item":"https:\/\/demo.websitekit.de\/smartdesign-3\/"},{"@type":"ListItem","position":2,"name":"Smart Webdesign 3 &#8211; Kontakt"}]},{"@type":"WebSite","@id":"https:\/\/demo.websitekit.de\/smartdesign-3\/#website","url":"https:\/\/demo.websitekit.de\/smartdesign-3\/","name":"Coaching Website-Kit","description":"Kreiere deine eigene Coaching Website, die dein Business auf das n\u00e4chste Level hebt","potentialAction":[{"@type":"SearchAction","target":{"@type":"EntryPoint","urlTemplate":"https:\/\/demo.websitekit.de\/smartdesign-3\/?s={search_term_string}"},"query-input":{"@type":"PropertyValueSpecification","valueRequired":true,"valueName":"search_term_string"}}],"inLanguage":"de"}]}},"_links":{"self":[{"href":"https:\/\/demo.websitekit.de\/smartdesign-3\/wp-json\/wp\/v2\/pages\/8494","targetHints":{"allow":["GET"]}}],"collection":[{"href":"https:\/\/demo.websitekit.de\/smartdesign-3\/wp-json\/wp\/v2\/pages"}],"about":[{"href":"https:\/\/demo.websitekit.de\/smartdesign-3\/wp-json\/wp\/v2\/types\/page"}],"author":[{"embeddable":true,"href":"https:\/\/demo.websitekit.de\/smartdesign-3\/wp-json\/wp\/v2\/users\/7"}],"replies":[{"embeddable":true,"href":"https:\/\/demo.websitekit.de\/smartdesign-3\/wp-json\/wp\/v2\/comments?post=8494"}],"version-history":[{"count":5,"href":"https:\/\/demo.websitekit.de\/smartdesign-3\/wp-json\/wp\/v2\/pages\/8494\/revisions"}],"predecessor-version":[{"id":24549,"href":"https:\/\/demo.websitekit.de\/smartdesign-3\/wp-json\/wp\/v2\/pages\/8494\/revisions\/24549"}],"wp:attachment":[{"href":"https:\/\/demo.websitekit.de\/smartdesign-3\/wp-json\/wp\/v2\/media?parent=8494"}],"curies":[{"name":"wp","href":"https:\/\/api.w.org\/{rel}","templated":true}]}}